{"id":2081,"date":"2025-09-02T16:51:49","date_gmt":"2025-09-02T14:51:49","guid":{"rendered":"https:\/\/www.addimen.com\/dienstleistungen\/"},"modified":"2025-12-03T13:32:13","modified_gmt":"2025-12-03T12:32:13","slug":"dienstleistungen","status":"publish","type":"page","link":"https:\/\/www.addimen.com\/de\/dienstleistungen\/","title":{"rendered":"Dienstleistungen"},"content":{"rendered":"\t\t<div data-elementor-type=\"wp-page\" data-elementor-id=\"2081\" class=\"elementor elementor-2081 elementor-280\" data-elementor-post-type=\"page\">\n\t\t\t\t<div class=\"elementor-element elementor-element-40e394c e-con-full e-flex e-con e-parent\" data-id=\"40e394c\" data-element_type=\"container\" data-e-type=\"container\" data-settings=\"{&quot;background_background&quot;:&quot;classic&quot;}\">\n\t\t<div class=\"elementor-element elementor-element-ea9d359 e-con-full e-flex e-con e-child\" data-id=\"ea9d359\" data-element_type=\"container\" data-e-type=\"container\">\n\t\t\t\t<div class=\"elementor-element elementor-element-2e66b30 elementor-widget elementor-widget-heading\" data-id=\"2e66b30\" data-element_type=\"widget\" data-e-type=\"widget\" data-widget_type=\"heading.default\">\n\t\t\t\t\t<h1 class=\"elementor-heading-title elementor-size-default\">Dienstleistungen<\/h1>\t\t\t\t<\/div>\n\t\t\t\t<div class=\"elementor-element elementor-element-07ffc78 elementor-widget elementor-widget-button\" data-id=\"07ffc78\" data-element_type=\"widget\" data-e-type=\"widget\" data-widget_type=\"button.default\">\n\t\t\t\t\t\t\t\t\t\t<a class=\"elementor-button elementor-button-link elementor-size-sm\" href=\"#formulario\">\n\t\t\t\t\t\t<span class=\"elementor-button-content-wrapper\">\n\t\t\t\t\t\t<span class=\"elementor-button-icon\">\n\t\t\t\t<svg aria-hidden=\"true\" class=\"e-font-icon-svg e-fas-plus\" viewBox=\"0 0 448 512\" xmlns=\"http:\/\/www.w3.org\/2000\/svg\"><path d=\"M416 208H272V64c0-17.67-14.33-32-32-32h-32c-17.67 0-32 14.33-32 32v144H32c-17.67 0-32 14.33-32 32v32c0 17.67 14.33 32 32 32h144v144c0 17.67 14.33 32 32 32h32c17.67 0 32-14.33 32-32V304h144c17.67 0 32-14.33 32-32v-32c0-17.67-14.33-32-32-32z\"><\/path><\/svg>\t\t\t<\/span>\n\t\t\t\t\t\t\t\t\t<span class=\"elementor-button-text\">WEITERE INFORMATIONEN<\/span>\n\t\t\t\t\t<\/span>\n\t\t\t\t\t<\/a>\n\t\t\t\t\t\t\t\t<\/div>\n\t\t\t\t<\/div>\n\t\t<div class=\"elementor-element elementor-element-02aeec5 e-con-full e-flex e-con e-child\" data-id=\"02aeec5\" data-element_type=\"container\" data-e-type=\"container\">\n\t\t\t\t<\/div>\n\t\t\t\t<\/div>\n\t\t<div class=\"elementor-element elementor-element-2c545b6 e-con-full e-flex e-con e-parent\" data-id=\"2c545b6\" data-element_type=\"container\" data-e-type=\"container\" data-settings=\"{&quot;background_background&quot;:&quot;classic&quot;}\">\n\t\t<div class=\"elementor-element elementor-element-4f6fd99 e-con-full e-flex e-con e-child\" data-id=\"4f6fd99\" data-element_type=\"container\" data-e-type=\"container\">\n\t\t\t\t<div class=\"elementor-element elementor-element-6cc14e1 elementor-widget elementor-widget-heading\" data-id=\"6cc14e1\" data-element_type=\"widget\" data-e-type=\"widget\" data-widget_type=\"heading.default\">\n\t\t\t\t\t<h2 class=\"elementor-heading-title elementor-size-default\">Erg\u00e4nzende Dienstleistungen zum 3D-Druckprozess<\/h2>\t\t\t\t<\/div>\n\t\t\t\t<div class=\"elementor-element elementor-element-d35fe7e elementor-widget elementor-widget-text-editor\" data-id=\"d35fe7e\" data-element_type=\"widget\" data-e-type=\"widget\" data-widget_type=\"text-editor.default\">\n\t\t\t\t\t\t\t\t\t<p>Unser 3D-Druckservice bietet Ihnen eine umfassende Begleitung von der ersten Idee bis zum fertigen Endprodukt. Um beste Ergebnisse zu gew\u00e4hrleisten, integrieren wir drei sich erg\u00e4nzende Phasen in den Arbeitsablauf: Design und Konstruktion, 3D-Scannen und Nachbearbeitung. <\/p><p>Diese Dienstleistungen werden nicht separat angeboten, sondern sind Teil eines optimierten Prozesses, der Pr\u00e4zision, Funktionalit\u00e4t und eine hochwertige Verarbeitung gew\u00e4hrleistet.<\/p><p>Jede dieser Phasen ist Teil eines Arbeitsablaufs, der darauf ausgelegt ist, die Qualit\u00e4t, Pr\u00e4zision und Effizienz des 3D-Drucks zu optimieren.<\/p><p>So stellen wir sicher, dass der Kunde nicht nur ein gedrucktes Teil erh\u00e4lt, sondern eine komplette, auf seine Bed\u00fcrfnisse zugeschnittene L\u00f6sung.<\/p>\t\t\t\t\t\t\t\t<\/div>\n\t\t\t\t<\/div>\n\t\t<div class=\"elementor-element elementor-element-1331823 e-con-full e-flex e-con e-child\" data-id=\"1331823\" data-element_type=\"container\" data-e-type=\"container\">\n\t\t\t\t<div class=\"elementor-element elementor-element-4140de9 elementor-invisible elementor-widget elementor-widget-image\" data-id=\"4140de9\" data-element_type=\"widget\" data-e-type=\"widget\" data-settings=\"{&quot;_animation&quot;:&quot;fadeIn&quot;}\" data-widget_type=\"image.default\">\n\t\t\t\t\t\t\t\t\t\t\t\t\t\t\t<img fetchpriority=\"high\" decoding=\"async\" width=\"482\" height=\"580\" src=\"https:\/\/www.addimen.com\/wp-content\/uploads\/2025\/11\/servicios-complementarios-impresion-3d-addimen.webp\" class=\"attachment-large size-large wp-image-1683\" alt=\"\" srcset=\"https:\/\/www.addimen.com\/wp-content\/uploads\/2025\/11\/servicios-complementarios-impresion-3d-addimen.webp 482w, https:\/\/www.addimen.com\/wp-content\/uploads\/2025\/11\/servicios-complementarios-impresion-3d-addimen-249x300.webp 249w\" sizes=\"(max-width: 482px) 100vw, 482px\" \/>\t\t\t\t\t\t\t\t\t\t\t\t\t\t\t<\/div>\n\t\t\t\t<\/div>\n\t\t\t\t<\/div>\n\t\t<div class=\"elementor-element elementor-element-e1494c3 e-con-full e-flex e-con e-parent\" data-id=\"e1494c3\" data-element_type=\"container\" data-e-type=\"container\" id=\"dise\u00f1oingenieria\" data-settings=\"{&quot;background_background&quot;:&quot;classic&quot;,&quot;shape_divider_top&quot;:&quot;tilt&quot;,&quot;shape_divider_bottom&quot;:&quot;tilt&quot;}\">\n\t\t\t\t<div class=\"elementor-shape elementor-shape-top\" aria-hidden=\"true\" data-negative=\"false\">\n\t\t\t<svg xmlns=\"http:\/\/www.w3.org\/2000\/svg\" viewBox=\"0 0 1000 100\" preserveAspectRatio=\"none\">\n\t<path class=\"elementor-shape-fill\" d=\"M0,6V0h1000v100L0,6z\"\/>\n<\/svg>\t\t<\/div>\n\t\t\t\t<div class=\"elementor-shape elementor-shape-bottom\" aria-hidden=\"true\" data-negative=\"false\">\n\t\t\t<svg xmlns=\"http:\/\/www.w3.org\/2000\/svg\" viewBox=\"0 0 1000 100\" preserveAspectRatio=\"none\">\n\t<path class=\"elementor-shape-fill\" d=\"M0,6V0h1000v100L0,6z\"\/>\n<\/svg>\t\t<\/div>\n\t\t<div class=\"elementor-element elementor-element-eb0efcf e-con-full e-flex e-con e-child\" data-id=\"eb0efcf\" data-element_type=\"container\" data-e-type=\"container\">\n\t\t\t\t<div class=\"elementor-element elementor-element-a9b3856 elementor-invisible elementor-widget elementor-widget-image\" data-id=\"a9b3856\" data-element_type=\"widget\" data-e-type=\"widget\" data-settings=\"{&quot;_animation&quot;:&quot;fadeIn&quot;}\" data-widget_type=\"image.default\">\n\t\t\t\t\t\t\t\t\t\t\t\t\t\t\t<img decoding=\"async\" width=\"430\" height=\"320\" src=\"https:\/\/www.addimen.com\/wp-content\/uploads\/2025\/11\/Diseno-e-ingenieria_serviciocomplementario_addimen.webp\" class=\"attachment-large size-large wp-image-1662\" alt=\"\" srcset=\"https:\/\/www.addimen.com\/wp-content\/uploads\/2025\/11\/Diseno-e-ingenieria_serviciocomplementario_addimen.webp 430w, https:\/\/www.addimen.com\/wp-content\/uploads\/2025\/11\/Diseno-e-ingenieria_serviciocomplementario_addimen-300x223.webp 300w\" sizes=\"(max-width: 430px) 100vw, 430px\" \/>\t\t\t\t\t\t\t\t\t\t\t\t\t\t\t<\/div>\n\t\t\t\t<\/div>\n\t\t<div class=\"elementor-element elementor-element-eb250dd e-con-full e-flex e-con e-child\" data-id=\"eb250dd\" data-element_type=\"container\" data-e-type=\"container\">\n\t\t\t\t<div class=\"elementor-element elementor-element-0bfa50d elementor-position-inline-start elementor-view-default elementor-mobile-position-block-start elementor-widget elementor-widget-icon-box\" data-id=\"0bfa50d\" data-element_type=\"widget\" data-e-type=\"widget\" data-widget_type=\"icon-box.default\">\n\t\t\t\t\t\t\t<div class=\"elementor-icon-box-wrapper\">\n\n\t\t\t\t\t\t<div class=\"elementor-icon-box-icon\">\n\t\t\t\t<span  class=\"elementor-icon\">\n\t\t\t\t<svg aria-hidden=\"true\" class=\"e-font-icon-svg e-fas-pencil-ruler\" viewBox=\"0 0 512 512\" xmlns=\"http:\/\/www.w3.org\/2000\/svg\"><path d=\"M109.46 244.04l134.58-134.56-44.12-44.12-61.68 61.68a7.919 7.919 0 0 1-11.21 0l-11.21-11.21c-3.1-3.1-3.1-8.12 0-11.21l61.68-61.68-33.64-33.65C131.47-3.1 111.39-3.1 99 9.29L9.29 99c-12.38 12.39-12.39 32.47 0 44.86l100.17 100.18zm388.47-116.8c18.76-18.76 18.75-49.17 0-67.93l-45.25-45.25c-18.76-18.76-49.18-18.76-67.95 0l-46.02 46.01 113.2 113.2 46.02-46.03zM316.08 82.71l-297 296.96L.32 487.11c-2.53 14.49 10.09 27.11 24.59 24.56l107.45-18.84L429.28 195.9 316.08 82.71zm186.63 285.43l-33.64-33.64-61.68 61.68c-3.1 3.1-8.12 3.1-11.21 0l-11.21-11.21c-3.09-3.1-3.09-8.12 0-11.21l61.68-61.68-44.14-44.14L267.93 402.5l100.21 100.2c12.39 12.39 32.47 12.39 44.86 0l89.71-89.7c12.39-12.39 12.39-32.47 0-44.86z\"><\/path><\/svg>\t\t\t\t<\/span>\n\t\t\t<\/div>\n\t\t\t\n\t\t\t\t\t\t<div class=\"elementor-icon-box-content\">\n\n\t\t\t\t\t\t\t\t\t<h3 class=\"elementor-icon-box-title\">\n\t\t\t\t\t\t<span  >\n\t\t\t\t\t\t\tDesign und Konstruktion\t\t\t\t\t\t<\/span>\n\t\t\t\t\t<\/h3>\n\t\t\t\t\n\t\t\t\t\t\t\t\t\t<p class=\"elementor-icon-box-description\">\n\t\t\t\t\t\t<p style=\"font-family: Roboto;font-weight:300;color:#252d51\">Vor dem Druck analysieren wir die Anforderungen des Projekts, um das 3D-Modell entsprechend den technischen Spezifikationen des Kunden zu entwickeln oder anzupassen.<\/p>\n<p style=\"font-family: Roboto;font-weight:300;color:#252d51\">Unser Team \u00fcberpr\u00fcft Geometrien, Materialien und Einsatzbedingungen, um das Design entsprechend der Drucktechnologie und den erforderlichen Eigenschaften (Festigkeit, Gewicht, Toleranzen, Montagen usw.) zu optimieren.<\/p>\n<p style=\"font-family: Roboto;font-weight:300;color:#252d51\">In dieser Phase k\u00f6nnen wir auch bestehende Teile neu entwerfen, um ihre Leistung zu verbessern und sie an additive Fertigungsprozesse anzupassen.<\/p>\n<p style=\"font-family: Roboto;font-weight:300;color:#252d51\"><strong>Ziel: <\/strong>Sicherstellen, dass das Modell technisch realisierbar, effizient und fertigungsbereit ist.<\/p>\t\t\t\t\t<\/p>\n\t\t\t\t\n\t\t\t<\/div>\n\t\t\t\n\t\t<\/div>\n\t\t\t\t\t\t<\/div>\n\t\t\t\t<\/div>\n\t\t\t\t<\/div>\n\t\t<div class=\"elementor-element elementor-element-0dbc3ff e-con-full e-flex e-con e-parent\" data-id=\"0dbc3ff\" data-element_type=\"container\" data-e-type=\"container\" id=\"escaneado3d\" data-settings=\"{&quot;background_background&quot;:&quot;classic&quot;}\">\n\t\t<div class=\"elementor-element elementor-element-5ca3e4c e-con-full e-flex e-con e-child\" data-id=\"5ca3e4c\" data-element_type=\"container\" data-e-type=\"container\">\n\t\t\t\t<div class=\"elementor-element elementor-element-9611321 elementor-position-inline-start elementor-view-default elementor-mobile-position-block-start elementor-widget elementor-widget-icon-box\" data-id=\"9611321\" data-element_type=\"widget\" data-e-type=\"widget\" data-widget_type=\"icon-box.default\">\n\t\t\t\t\t\t\t<div class=\"elementor-icon-box-wrapper\">\n\n\t\t\t\t\t\t<div class=\"elementor-icon-box-icon\">\n\t\t\t\t<span  class=\"elementor-icon\">\n\t\t\t\t<svg aria-hidden=\"true\" class=\"e-font-icon-svg e-fas-cube\" viewBox=\"0 0 512 512\" xmlns=\"http:\/\/www.w3.org\/2000\/svg\"><path d=\"M239.1 6.3l-208 78c-18.7 7-31.1 25-31.1 45v225.1c0 18.2 10.3 34.8 26.5 42.9l208 104c13.5 6.8 29.4 6.8 42.9 0l208-104c16.3-8.1 26.5-24.8 26.5-42.9V129.3c0-20-12.4-37.9-31.1-44.9l-208-78C262 2.2 250 2.2 239.1 6.3zM256 68.4l192 72v1.1l-192 78-192-78v-1.1l192-72zm32 356V275.5l160-65v133.9l-160 80z\"><\/path><\/svg>\t\t\t\t<\/span>\n\t\t\t<\/div>\n\t\t\t\n\t\t\t\t\t\t<div class=\"elementor-icon-box-content\">\n\n\t\t\t\t\t\t\t\t\t<h3 class=\"elementor-icon-box-title\">\n\t\t\t\t\t\t<span  >\n\t\t\t\t\t\t\t3D-Scannen\t\t\t\t\t\t<\/span>\n\t\t\t\t\t<\/h3>\n\t\t\t\t\n\t\t\t\t\t\t\t\t\t<p class=\"elementor-icon-box-description\">\n\t\t\t\t\t\t<p style=\"font-family: Roboto;font-weight:300;color:#252d51\">Das 3D-Scannen kommt zum Einsatz, wenn der Kunde kein digitales Modell hat oder ein vorhandenes Teil reproduzieren oder modifizieren muss.<\/p>\n<p style=\"font-family: Roboto;font-weight:300;color:#252d51\">Mithilfe hochpr\u00e4ziser Digitalisierungstechnologien erstellen wir eine exakte 3D-Datei, die als Grundlage f\u00fcr die Neugestaltung oder den Druck dient.<\/p>\n<p style=\"font-family: Roboto;font-weight:300;color:#252d51\">So k\u00f6nnen alte Teile wiederhergestellt, Repliken angefertigt oder individuelle Anpassungen vorgenommen werden, die der urspr\u00fcnglichen Geometrie vollkommen entsprechen.<\/p>\n<p style=\"font-family: Roboto;font-weight:300;color:#252d51\">Ziel: Erstellen einer pr\u00e4zisen digitalen Grundlage f\u00fcr das Design und den 3D-Druck.<\/p>\t\t\t\t\t<\/p>\n\t\t\t\t\n\t\t\t<\/div>\n\t\t\t\n\t\t<\/div>\n\t\t\t\t\t\t<\/div>\n\t\t\t\t<\/div>\n\t\t<div class=\"elementor-element elementor-element-f89f5e4 e-con-full e-flex e-con e-child\" data-id=\"f89f5e4\" data-element_type=\"container\" data-e-type=\"container\">\n\t\t\t\t<div class=\"elementor-element elementor-element-c115826 elementor-invisible elementor-widget elementor-widget-image\" data-id=\"c115826\" data-element_type=\"widget\" data-e-type=\"widget\" data-settings=\"{&quot;_animation&quot;:&quot;fadeIn&quot;}\" data-widget_type=\"image.default\">\n\t\t\t\t\t\t\t\t\t\t\t\t\t\t\t<img decoding=\"async\" width=\"430\" height=\"320\" src=\"https:\/\/www.addimen.com\/wp-content\/uploads\/2025\/11\/Escaneado-3D_serviciocomplementario_addimen.webp\" class=\"attachment-large size-large wp-image-1665\" alt=\"\" srcset=\"https:\/\/www.addimen.com\/wp-content\/uploads\/2025\/11\/Escaneado-3D_serviciocomplementario_addimen.webp 430w, https:\/\/www.addimen.com\/wp-content\/uploads\/2025\/11\/Escaneado-3D_serviciocomplementario_addimen-300x223.webp 300w\" sizes=\"(max-width: 430px) 100vw, 430px\" \/>\t\t\t\t\t\t\t\t\t\t\t\t\t\t\t<\/div>\n\t\t\t\t<\/div>\n\t\t\t\t<\/div>\n\t\t<div class=\"elementor-element elementor-element-3ebf526 e-con-full e-flex e-con e-parent\" data-id=\"3ebf526\" data-element_type=\"container\" data-e-type=\"container\" id=\"postprocesado\" data-settings=\"{&quot;background_background&quot;:&quot;classic&quot;,&quot;shape_divider_top&quot;:&quot;tilt&quot;}\">\n\t\t\t\t<div class=\"elementor-shape elementor-shape-top\" aria-hidden=\"true\" data-negative=\"false\">\n\t\t\t<svg xmlns=\"http:\/\/www.w3.org\/2000\/svg\" viewBox=\"0 0 1000 100\" preserveAspectRatio=\"none\">\n\t<path class=\"elementor-shape-fill\" d=\"M0,6V0h1000v100L0,6z\"\/>\n<\/svg>\t\t<\/div>\n\t\t<div class=\"elementor-element elementor-element-36950e3 e-con-full e-flex e-con e-child\" data-id=\"36950e3\" data-element_type=\"container\" data-e-type=\"container\">\n\t\t\t\t<div class=\"elementor-element elementor-element-7e7f58e elementor-invisible elementor-widget elementor-widget-image\" data-id=\"7e7f58e\" data-element_type=\"widget\" data-e-type=\"widget\" data-settings=\"{&quot;_animation&quot;:&quot;fadeIn&quot;}\" data-widget_type=\"image.default\">\n\t\t\t\t\t\t\t\t\t\t\t\t\t\t\t<img loading=\"lazy\" decoding=\"async\" width=\"430\" height=\"320\" src=\"https:\/\/www.addimen.com\/wp-content\/uploads\/2025\/11\/postproceso_serviciocomplementario_addimen.webp\" class=\"attachment-large size-large wp-image-1668\" alt=\"\" srcset=\"https:\/\/www.addimen.com\/wp-content\/uploads\/2025\/11\/postproceso_serviciocomplementario_addimen.webp 430w, https:\/\/www.addimen.com\/wp-content\/uploads\/2025\/11\/postproceso_serviciocomplementario_addimen-300x223.webp 300w\" sizes=\"(max-width: 430px) 100vw, 430px\" \/>\t\t\t\t\t\t\t\t\t\t\t\t\t\t\t<\/div>\n\t\t\t\t<\/div>\n\t\t<div class=\"elementor-element elementor-element-dd451f2 e-con-full e-flex e-con e-child\" data-id=\"dd451f2\" data-element_type=\"container\" data-e-type=\"container\">\n\t\t\t\t<div class=\"elementor-element elementor-element-487f03d elementor-position-inline-start elementor-view-default elementor-mobile-position-block-start elementor-widget elementor-widget-icon-box\" data-id=\"487f03d\" data-element_type=\"widget\" data-e-type=\"widget\" data-widget_type=\"icon-box.default\">\n\t\t\t\t\t\t\t<div class=\"elementor-icon-box-wrapper\">\n\n\t\t\t\t\t\t<div class=\"elementor-icon-box-icon\">\n\t\t\t\t<span  class=\"elementor-icon\">\n\t\t\t\t<svg aria-hidden=\"true\" class=\"e-font-icon-svg e-fas-star\" viewBox=\"0 0 576 512\" xmlns=\"http:\/\/www.w3.org\/2000\/svg\"><path d=\"M259.3 17.8L194 150.2 47.9 171.5c-26.2 3.8-36.7 36.1-17.7 54.6l105.7 103-25 145.5c-4.5 26.3 23.2 46 46.4 33.7L288 439.6l130.7 68.7c23.2 12.2 50.9-7.4 46.4-33.7l-25-145.5 105.7-103c19-18.5 8.5-50.8-17.7-54.6L382 150.2 316.7 17.8c-11.7-23.6-45.6-23.9-57.4 0z\"><\/path><\/svg>\t\t\t\t<\/span>\n\t\t\t<\/div>\n\t\t\t\n\t\t\t\t\t\t<div class=\"elementor-icon-box-content\">\n\n\t\t\t\t\t\t\t\t\t<h3 class=\"elementor-icon-box-title\">\n\t\t\t\t\t\t<span  >\n\t\t\t\t\t\t\tNachbearbeitung\t\t\t\t\t\t<\/span>\n\t\t\t\t\t<\/h3>\n\t\t\t\t\n\t\t\t\t\t\t\t\t\t<p class=\"elementor-icon-box-description\">\n\t\t\t\t\t\t<p style=\"font-family: Roboto;font-weight:300;color:#252d51\">Nach dem Drucken des Teils wenden wir verschiedene Nachbearbeitungsverfahren an, um dessen \u00e4sthetisches Finish, <strong>mechanische Eigenschaften oder Ma\u00dftoleranzen zu verbessern<\/strong><\/p>\n<p style=\"font-family: Roboto;font-weight:300;color:#252d51\">Dazu geh\u00f6ren <strong>Schleifen, Polieren und W\u00e4rmebehandlungen, <\/strong>je nach Material und Endverwendung des Teils.<\/p>\n<p style=\"font-family: Roboto;font-weight:300;color:#252d51\">Dieser letzte Schritt ist entscheidend, um Teile zu erhalten, die f\u00fcr den Einsatz oder die Integration in Endprodukte bereit sind.<\/p>\n<p style=\"font-family: Roboto;font-weight:300;color:#252d51\"><strong>Ziel: <\/strong>Ein professionelles, funktionales und optisch einwandfreies Ergebnis zu liefern.<\/p>\t\t\t\t\t<\/p>\n\t\t\t\t\n\t\t\t<\/div>\n\t\t\t\n\t\t<\/div>\n\t\t\t\t\t\t<\/div>\n\t\t\t\t<\/div>\n\t\t\t\t<\/div>\n\t\t\t\t<\/div>\n\t\t","protected":false},"excerpt":{"rendered":"<p>Dienstleistungen WEITERE INFORMATIONEN Erg\u00e4nzende Dienstleistungen zum 3D-Druckprozess Unser 3D-Druckservice bietet Ihnen eine umfassende Begleitung von der ersten Idee bis zum fertigen Endprodukt. Um beste Ergebnisse zu gew\u00e4hrleisten, integrieren wir drei sich erg\u00e4nzende Phasen in den Arbeitsablauf: Design und Konstruktion, 3D-Scannen und Nachbearbeitung. Diese Dienstleistungen werden nicht separat angeboten, sondern sind Teil eines optimierten Prozesses, der [&hellip;]<\/p>\n","protected":false},"author":3,"featured_media":0,"parent":0,"menu_order":0,"comment_status":"closed","ping_status":"closed","template":"elementor_header_footer","meta":{"footnotes":""},"class_list":["post-2081","page","type-page","status-publish","hentry"],"yoast_head":"<!-- This site is optimized with the Yoast SEO plugin v27.0 - https:\/\/yoast.com\/product\/yoast-seo-wordpress\/ -->\n<title>Dienstleistungen | Addimen<\/title>\n<meta name=\"robots\" content=\"index, follow, max-snippet:-1, max-image-preview:large, max-video-preview:-1\" \/>\n<link rel=\"canonical\" href=\"https:\/\/www.addimen.com\/de\/dienstleistungen\/\" \/>\n<meta property=\"og:locale\" content=\"de_DE\" \/>\n<meta property=\"og:type\" content=\"article\" \/>\n<meta property=\"og:title\" content=\"Dienstleistungen | Addimen\" \/>\n<meta property=\"og:description\" content=\"Dienstleistungen WEITERE INFORMATIONEN Erg\u00e4nzende Dienstleistungen zum 3D-Druckprozess Unser 3D-Druckservice bietet Ihnen eine umfassende Begleitung von der ersten Idee bis zum fertigen Endprodukt. Um beste Ergebnisse zu gew\u00e4hrleisten, integrieren wir drei sich erg\u00e4nzende Phasen in den Arbeitsablauf: Design und Konstruktion, 3D-Scannen und Nachbearbeitung. Diese Dienstleistungen werden nicht separat angeboten, sondern sind Teil eines optimierten Prozesses, der [&hellip;]\" \/>\n<meta property=\"og:url\" content=\"https:\/\/www.addimen.com\/de\/dienstleistungen\/\" \/>\n<meta property=\"og:site_name\" content=\"Addimen\" \/>\n<meta property=\"article:modified_time\" content=\"2025-12-03T12:32:13+00:00\" \/>\n<meta property=\"og:image\" content=\"https:\/\/www.addimen.com\/wp-content\/uploads\/2025\/11\/servicios-complementarios-impresion-3d-addimen.webp\" \/>\n<meta name=\"twitter:card\" content=\"summary_large_image\" \/>\n<meta name=\"twitter:label1\" content=\"Gesch\u00e4tzte Lesezeit\" \/>\n\t<meta name=\"twitter:data1\" content=\"2\u00a0Minuten\" \/>\n<script type=\"application\/ld+json\" class=\"yoast-schema-graph\">{\"@context\":\"https:\/\/schema.org\",\"@graph\":[{\"@type\":\"WebPage\",\"@id\":\"https:\/\/www.addimen.com\/de\/dienstleistungen\/\",\"url\":\"https:\/\/www.addimen.com\/de\/dienstleistungen\/\",\"name\":\"Dienstleistungen | Addimen\",\"isPartOf\":{\"@id\":\"https:\/\/www.addimen.com\/de\/#website\"},\"primaryImageOfPage\":{\"@id\":\"https:\/\/www.addimen.com\/de\/dienstleistungen\/#primaryimage\"},\"image\":{\"@id\":\"https:\/\/www.addimen.com\/de\/dienstleistungen\/#primaryimage\"},\"thumbnailUrl\":\"https:\/\/www.addimen.com\/wp-content\/uploads\/2025\/11\/servicios-complementarios-impresion-3d-addimen.webp\",\"datePublished\":\"2025-09-02T14:51:49+00:00\",\"dateModified\":\"2025-12-03T12:32:13+00:00\",\"breadcrumb\":{\"@id\":\"https:\/\/www.addimen.com\/de\/dienstleistungen\/#breadcrumb\"},\"inLanguage\":\"de\",\"potentialAction\":[{\"@type\":\"ReadAction\",\"target\":[\"https:\/\/www.addimen.com\/de\/dienstleistungen\/\"]}]},{\"@type\":\"ImageObject\",\"inLanguage\":\"de\",\"@id\":\"https:\/\/www.addimen.com\/de\/dienstleistungen\/#primaryimage\",\"url\":\"https:\/\/www.addimen.com\/wp-content\/uploads\/2025\/11\/servicios-complementarios-impresion-3d-addimen.webp\",\"contentUrl\":\"https:\/\/www.addimen.com\/wp-content\/uploads\/2025\/11\/servicios-complementarios-impresion-3d-addimen.webp\"},{\"@type\":\"BreadcrumbList\",\"@id\":\"https:\/\/www.addimen.com\/de\/dienstleistungen\/#breadcrumb\",\"itemListElement\":[{\"@type\":\"ListItem\",\"position\":1,\"name\":\"Portada\",\"item\":\"https:\/\/www.addimen.com\/de\/\"},{\"@type\":\"ListItem\",\"position\":2,\"name\":\"Dienstleistungen\"}]},{\"@type\":\"WebSite\",\"@id\":\"https:\/\/www.addimen.com\/de\/#website\",\"url\":\"https:\/\/www.addimen.com\/de\/\",\"name\":\"Addimen\",\"description\":\"Impresi\u00f3n 3D para empresas\",\"potentialAction\":[{\"@type\":\"SearchAction\",\"target\":{\"@type\":\"EntryPoint\",\"urlTemplate\":\"https:\/\/www.addimen.com\/de\/?s={search_term_string}\"},\"query-input\":{\"@type\":\"PropertyValueSpecification\",\"valueRequired\":true,\"valueName\":\"search_term_string\"}}],\"inLanguage\":\"de\"}]}<\/script>\n<!-- \/ Yoast SEO plugin. -->","yoast_head_json":{"title":"Dienstleistungen | Addimen","robots":{"index":"index","follow":"follow","max-snippet":"max-snippet:-1","max-image-preview":"max-image-preview:large","max-video-preview":"max-video-preview:-1"},"canonical":"https:\/\/www.addimen.com\/de\/dienstleistungen\/","og_locale":"de_DE","og_type":"article","og_title":"Dienstleistungen | Addimen","og_description":"Dienstleistungen WEITERE INFORMATIONEN Erg\u00e4nzende Dienstleistungen zum 3D-Druckprozess Unser 3D-Druckservice bietet Ihnen eine umfassende Begleitung von der ersten Idee bis zum fertigen Endprodukt. Um beste Ergebnisse zu gew\u00e4hrleisten, integrieren wir drei sich erg\u00e4nzende Phasen in den Arbeitsablauf: Design und Konstruktion, 3D-Scannen und Nachbearbeitung. Diese Dienstleistungen werden nicht separat angeboten, sondern sind Teil eines optimierten Prozesses, der [&hellip;]","og_url":"https:\/\/www.addimen.com\/de\/dienstleistungen\/","og_site_name":"Addimen","article_modified_time":"2025-12-03T12:32:13+00:00","og_image":[{"url":"https:\/\/www.addimen.com\/wp-content\/uploads\/2025\/11\/servicios-complementarios-impresion-3d-addimen.webp","type":"","width":"","height":""}],"twitter_card":"summary_large_image","twitter_misc":{"Gesch\u00e4tzte Lesezeit":"2\u00a0Minuten"},"schema":{"@context":"https:\/\/schema.org","@graph":[{"@type":"WebPage","@id":"https:\/\/www.addimen.com\/de\/dienstleistungen\/","url":"https:\/\/www.addimen.com\/de\/dienstleistungen\/","name":"Dienstleistungen | Addimen","isPartOf":{"@id":"https:\/\/www.addimen.com\/de\/#website"},"primaryImageOfPage":{"@id":"https:\/\/www.addimen.com\/de\/dienstleistungen\/#primaryimage"},"image":{"@id":"https:\/\/www.addimen.com\/de\/dienstleistungen\/#primaryimage"},"thumbnailUrl":"https:\/\/www.addimen.com\/wp-content\/uploads\/2025\/11\/servicios-complementarios-impresion-3d-addimen.webp","datePublished":"2025-09-02T14:51:49+00:00","dateModified":"2025-12-03T12:32:13+00:00","breadcrumb":{"@id":"https:\/\/www.addimen.com\/de\/dienstleistungen\/#breadcrumb"},"inLanguage":"de","potentialAction":[{"@type":"ReadAction","target":["https:\/\/www.addimen.com\/de\/dienstleistungen\/"]}]},{"@type":"ImageObject","inLanguage":"de","@id":"https:\/\/www.addimen.com\/de\/dienstleistungen\/#primaryimage","url":"https:\/\/www.addimen.com\/wp-content\/uploads\/2025\/11\/servicios-complementarios-impresion-3d-addimen.webp","contentUrl":"https:\/\/www.addimen.com\/wp-content\/uploads\/2025\/11\/servicios-complementarios-impresion-3d-addimen.webp"},{"@type":"BreadcrumbList","@id":"https:\/\/www.addimen.com\/de\/dienstleistungen\/#breadcrumb","itemListElement":[{"@type":"ListItem","position":1,"name":"Portada","item":"https:\/\/www.addimen.com\/de\/"},{"@type":"ListItem","position":2,"name":"Dienstleistungen"}]},{"@type":"WebSite","@id":"https:\/\/www.addimen.com\/de\/#website","url":"https:\/\/www.addimen.com\/de\/","name":"Addimen","description":"Impresi\u00f3n 3D para empresas","potentialAction":[{"@type":"SearchAction","target":{"@type":"EntryPoint","urlTemplate":"https:\/\/www.addimen.com\/de\/?s={search_term_string}"},"query-input":{"@type":"PropertyValueSpecification","valueRequired":true,"valueName":"search_term_string"}}],"inLanguage":"de"}]}},"_links":{"self":[{"href":"https:\/\/www.addimen.com\/de\/wp-json\/wp\/v2\/pages\/2081","targetHints":{"allow":["GET"]}}],"collection":[{"href":"https:\/\/www.addimen.com\/de\/wp-json\/wp\/v2\/pages"}],"about":[{"href":"https:\/\/www.addimen.com\/de\/wp-json\/wp\/v2\/types\/page"}],"author":[{"embeddable":true,"href":"https:\/\/www.addimen.com\/de\/wp-json\/wp\/v2\/users\/3"}],"replies":[{"embeddable":true,"href":"https:\/\/www.addimen.com\/de\/wp-json\/wp\/v2\/comments?post=2081"}],"version-history":[{"count":2,"href":"https:\/\/www.addimen.com\/de\/wp-json\/wp\/v2\/pages\/2081\/revisions"}],"predecessor-version":[{"id":2083,"href":"https:\/\/www.addimen.com\/de\/wp-json\/wp\/v2\/pages\/2081\/revisions\/2083"}],"wp:attachment":[{"href":"https:\/\/www.addimen.com\/de\/wp-json\/wp\/v2\/media?parent=2081"}],"curies":[{"name":"wp","href":"https:\/\/api.w.org\/{rel}","templated":true}]}}