{"id":2240,"date":"2025-09-10T11:47:42","date_gmt":"2025-09-10T09:47:42","guid":{"rendered":"https:\/\/www.addimen.com\/rechtlicher-hinweis-und-datenschutzerklaerung\/"},"modified":"2025-12-09T12:41:16","modified_gmt":"2025-12-09T11:41:16","slug":"rechtlicher-hinweis-und-datenschutzerklaerung","status":"publish","type":"page","link":"https:\/\/www.addimen.com\/de\/rechtlicher-hinweis-und-datenschutzerklaerung\/","title":{"rendered":"Rechtlicher Hinweis und Datenschutzerkl\u00e4rung"},"content":{"rendered":"\t\t<div data-elementor-type=\"wp-page\" data-elementor-id=\"2240\" class=\"elementor elementor-2240 elementor-704\" data-elementor-post-type=\"page\">\n\t\t\t\t<div class=\"elementor-element elementor-element-39f3fff e-con-full e-flex e-con e-parent\" data-id=\"39f3fff\" data-element_type=\"container\" data-e-type=\"container\" data-settings=\"{&quot;background_background&quot;:&quot;classic&quot;}\">\n\t\t<div class=\"elementor-element elementor-element-1e86290 e-con-full e-flex e-con e-child\" data-id=\"1e86290\" data-element_type=\"container\" data-e-type=\"container\">\n\t\t\t\t<div class=\"elementor-element elementor-element-dddd5df elementor-widget elementor-widget-heading\" data-id=\"dddd5df\" data-element_type=\"widget\" data-e-type=\"widget\" data-widget_type=\"heading.default\">\n\t\t\t\t\t<h1 class=\"elementor-heading-title elementor-size-default\">Rechtlicher Hinweis und Datenschutzerkl\u00e4rung<\/h1>\t\t\t\t<\/div>\n\t\t\t\t<div class=\"elementor-element elementor-element-0e75299 elementor-widget elementor-widget-button\" data-id=\"0e75299\" data-element_type=\"widget\" data-e-type=\"widget\" data-widget_type=\"button.default\">\n\t\t\t\t\t\t\t\t\t\t<a class=\"elementor-button elementor-button-link elementor-size-sm\" href=\"#formulario\">\n\t\t\t\t\t\t<span class=\"elementor-button-content-wrapper\">\n\t\t\t\t\t\t<span class=\"elementor-button-icon\">\n\t\t\t\t<svg aria-hidden=\"true\" class=\"e-font-icon-svg e-fas-plus\" viewBox=\"0 0 448 512\" xmlns=\"http:\/\/www.w3.org\/2000\/svg\"><path d=\"M416 208H272V64c0-17.67-14.33-32-32-32h-32c-17.67 0-32 14.33-32 32v144H32c-17.67 0-32 14.33-32 32v32c0 17.67 14.33 32 32 32h144v144c0 17.67 14.33 32 32 32h32c17.67 0 32-14.33 32-32V304h144c17.67 0 32-14.33 32-32v-32c0-17.67-14.33-32-32-32z\"><\/path><\/svg>\t\t\t<\/span>\n\t\t\t\t\t\t\t\t\t<span class=\"elementor-button-text\">SOFORTIGES ANGEBOT<\/span>\n\t\t\t\t\t<\/span>\n\t\t\t\t\t<\/a>\n\t\t\t\t\t\t\t\t<\/div>\n\t\t\t\t<\/div>\n\t\t<div class=\"elementor-element elementor-element-a04d72e e-con-full e-flex e-con e-child\" data-id=\"a04d72e\" data-element_type=\"container\" data-e-type=\"container\">\n\t\t\t\t<\/div>\n\t\t\t\t<\/div>\n\t\t<div class=\"elementor-element elementor-element-6c97b44 e-con-full e-flex e-con e-parent\" data-id=\"6c97b44\" data-element_type=\"container\" data-e-type=\"container\" data-settings=\"{&quot;background_background&quot;:&quot;classic&quot;}\">\n\t\t<div class=\"elementor-element elementor-element-c9c01dd e-con-full e-flex e-con e-child\" data-id=\"c9c01dd\" data-element_type=\"container\" data-e-type=\"container\">\n\t\t\t\t<div class=\"elementor-element elementor-element-204a450 elementor-widget elementor-widget-text-editor\" data-id=\"204a450\" data-element_type=\"widget\" data-e-type=\"widget\" data-widget_type=\"text-editor.default\">\n\t\t\t\t\t\t\t\t\t<ul><li><strong>IDENTIFIZIERENDE DATEN<\/strong><\/li><\/ul><p>In \u00dcbereinstimmung mit den Bestimmungen von Artikel 10 des Gesetzes 34\/2002 vom 11. Juli \u00fcber Dienste der Informationsgesellschaft und des elektronischen Handels und Artikel 4, Absatz vier des Gesetzes 56\/2007 vom 28. Dezember \u00fcber Ma\u00dfnahmen zur F\u00f6rderung der Informationsgesellschaft, die sich auf die Informationspflicht der Anbieter von Diensten der Informationsgesellschaft beziehen, werden im Folgenden die folgenden Daten aufgef\u00fchrt:<\/p><p>ADDIMEN BIZKAIA SL, mit der Steuernummer B955766804, mit Sitz in EDIFICIO BIC BIZKAIA 612, PARQUE TECNOL\u00d3GICO Y CIENT\u00cdFICO BIZKAIA. 48160 DERIO (BIZKAIA), eingetragen im Handelsregister von Vizcaya, Protokoll 690, Band 5455, Blatt 177, Seite NI-64452, 1. Eintragung. Steueridentifikationsnummer B95760804. Kontakt-E-Mail: info@addimen.com    <\/p><ul><li><strong>BENUTZER<\/strong><\/li><\/ul><p>Der Zugriff auf und\/oder die Nutzung der mit ADDIMEN verbundenen Websites verleiht Ihnen den Status eines NUTZERS, der mit dem Zugriff und\/oder der Nutzung die hier aufgef\u00fchrten Allgemeinen Nutzungsbedingungen akzeptiert.<\/p><ul><li><strong>ALLGEMEINE NUTZUNGSBEDINGUNGEN<\/strong><ul><li>Die Website von ADDIMEN bietet Zugang zu einer Vielzahl von Informationen, Dienstleistungen, Programmen oder Daten (im Folgenden \u201edie Inhalte\u201d) im Internet, die ADDIMEN oder seinen Lizenzgebern geh\u00f6ren und auf die der NUTZER zugreifen kann. Die Inhalte dieser Website wurden erstellt, um Kunden, Lieferanten und allen Personen oder Unternehmen, die an unseren Produkten interessiert sind, Informationen zur Verf\u00fcgung zu stellen. Obwohl ADDIMEN in gutem Glauben handelt, \u00fcbernimmt es keine direkte oder subsidi\u00e4re Verantwortung f\u00fcr Anspr\u00fcche, die sich aus der Qualit\u00e4t, Zuverl\u00e4ssigkeit, Genauigkeit oder Richtigkeit dieser Inhalte ergeben k\u00f6nnen.  <\/li><li>Der NUTZER \u00fcbernimmt die Verantwortung f\u00fcr die Nutzung dieser Website. Diese Verantwortung erstreckt sich auch auf die Registrierung, die f\u00fcr den Zugriff auf bestimmte Dienste oder Inhalte erforderlich ist. Bei dieser Registrierung ist der NUTZER daf\u00fcr verantwortlich, wahrheitsgem\u00e4\u00dfe und rechtm\u00e4\u00dfige Angaben zu machen.  <\/li><li>Der NUTZER verpflichtet sich, die Inhalte und Dienste, die ADDIMEN \u00fcber seine Websites anbietet, angemessen zu nutzen und sie unter anderem nicht f\u00fcr folgende Zwecke zu verwenden: (i) zur Aus\u00fcbung illegaler oder gegen Treu und Glauben und die \u00f6ffentliche Ordnung versto\u00dfender Handlungen; (ii) Inhalte oder Propaganda rassistischer, fremdenfeindlicher, pornografisch-illegaler Art, die den Terrorismus verherrlichen oder gegen die Menschenrechte versto\u00dfen, zu verbreiten; (iii) Sch\u00e4den an den physischen und logischen Systemen von ADDIMEN, seinen Lieferanten oder Dritten zu verursachen, Computerviren oder andere physische oder logische Systeme, die die oben genannten Sch\u00e4den verursachen k\u00f6nnen, in das Netzwerk einzuf\u00fchren oder zu verbreiten; (iv) zu versuchen, auf die E-Mail-Konten anderer Nutzer zuzugreifen und diese gegebenenfalls zu nutzen sowie deren Nachrichten zu \u00e4ndern oder zu manipulieren.    <\/li><li>ADDIMEN beh\u00e4lt sich das Recht vor, alle Kommentare und Beitr\u00e4ge zu entfernen, die die W\u00fcrde des Menschen verletzen, diskriminierend, fremdenfeindlich, rassistisch oder pornografisch sind, gegen Jugendliche oder Kinder, die \u00f6ffentliche Ordnung oder Sicherheit versto\u00dfen oder die nach seiner Auffassung nicht zur Ver\u00f6ffentlichung geeignet sind.<\/li><li>ADDIMEN ist selbst oder als Rechtsnachfolger oder Lizenznehmer Inhaber aller geistigen und gewerblichen Eigentumsrechte an seinen Webseiten sowie an den darin enthaltenen Elementen (darunter unter anderem Bilder, Ton, Audio, Video, Software oder Texte; Marken oder Logos, Farbkombinationen, Struktur und Design, Auswahl der verwendeten Materialien, f\u00fcr den Betrieb, den Zugriff und die Nutzung erforderliche Computerprogramme usw.), die Eigentum von ADDIMEN oder seinen Lizenzgebern sind.<\/li><li>Der NUTZER verpflichtet sich, die geistigen und gewerblichen Eigentumsrechte von ADDIMEN zu respektieren. Der NUTZER darf die Elemente und Inhalte dieser Webseiten anzeigen und sogar ausdrucken, kopieren und auf der Festplatte seines Computers oder einem anderen physischen Medium speichern, sofern dies ausschlie\u00dflich f\u00fcr seinen pers\u00f6nlichen und privaten Gebrauch geschieht. die Vervielf\u00e4ltigung, Umwandlung, Verbreitung, \u00f6ffentliche Wiedergabe, Bereitstellung oder jede andere Form der Verwertung zu kommerziellen Zwecken sowie deren \u00c4nderung, Verf\u00e4lschung oder Dekompilierung strengstens untersagt. Der NUTZER darf keine Schutzvorrichtungen oder Sicherheitssysteme, die auf diesen Webseiten installiert sind, l\u00f6schen, ver\u00e4ndern, umgehen oder manipulieren. Ebenso darf der NUTZER die Inhalte dieser Webseite nicht verwenden, um sie in eine andere Webseite einzubinden. Schlie\u00dflich bleiben die Informationen, die der Nutzer zur Nutzung der von ADDIMEN auf seiner Website angebotenen Dienste bereitstellt, innerhalb dieser Website.    <\/li><li>ADDIMEN haftet in keinem Fall f\u00fcr Sch\u00e4den jeglicher Art, die beispielsweise durch Fehler oder Auslassungen in den Inhalten, die Nichtverf\u00fcgbarkeit dieser Webseiten oder die \u00dcbertragung von Viren oder b\u00f6sartigen oder sch\u00e4dlichen Programmen in den Inhalten entstehen k\u00f6nnen, obwohl alle notwendigen technischen Ma\u00dfnahmen getroffen wurden, um dies zu verhindern.<\/li><li>ADDIMEN beh\u00e4lt sich das Recht vor, ohne vorherige Ank\u00fcndigung \u00c4nderungen an diesen Webseiten vorzunehmen, die es f\u00fcr angemessen h\u00e4lt, und sowohl die \u00fcber diese Seiten angebotenen Inhalte und Dienstleistungen als auch die Art und Weise, wie diese pr\u00e4sentiert oder lokalisiert werden, zu \u00e4ndern, zu l\u00f6schen oder hinzuzuf\u00fcgen.<\/li><li>ADDIMEN kann Cookies verwenden, um die Navigation des BENUTZERS auf dieser Website zu personalisieren und so weit wie m\u00f6glich zu erleichtern. Cookies werden ausschlie\u00dflich mit einem anonymen BENUTZER und seinem Computer in Verbindung gebracht und liefern keine Hinweise, die R\u00fcckschl\u00fcsse auf pers\u00f6nliche Daten des BENUTZERS zulassen. Der NUTZER kann seinen Browser so konfigurieren, dass er die Installation der von ADDIMEN gesendeten Cookies meldet und ablehnt, ohne dass dies die M\u00f6glichkeit des NUTZERS beeintr\u00e4chtigt, auf die Inhalte zuzugreifen. Alle Informationen zu Cookies finden Sie in der Cookie-Richtlinie auf diesen Webseiten.   <\/li><li>F\u00fcr den Fall, dass diese Websites Links oder Hyperlinks zu anderen Internetseiten enthalten, \u00fcbt ADDIMEN keinerlei Kontrolle \u00fcber diese Websites und deren Inhalte aus.<\/li><li>ADDIMEN \u00fcbernimmt keinerlei Verantwortung f\u00fcr die Inhalte von Links zu fremden Websites und garantiert auch nicht die technische Verf\u00fcgbarkeit, Qualit\u00e4t, Zuverl\u00e4ssigkeit, Genauigkeit, Vollst\u00e4ndigkeit, Richtigkeit, G\u00fcltigkeit und Verfassungsm\u00e4\u00dfigkeit von Materialien oder Informationen, die in diesen Hyperlinks oder anderen Internetseiten enthalten sind. Ebenso bedeutet die Aufnahme dieser externen Links keinerlei Verbindung, Fusion oder Beteiligung mit den verbundenen Unternehmen. <\/li><li>ADDIMEN beh\u00e4lt sich das Recht vor, Nutzern, die gegen diese Allgemeinen Nutzungsbedingungen versto\u00dfen, ohne vorherige Ank\u00fcndigung auf eigenen Wunsch oder auf Wunsch Dritter den Zugang zu diesen Webseiten und\/oder den angebotenen Dienstleistungen zu verweigern oder zu entziehen.<\/li><li>ADDIMEN wird Verst\u00f6\u00dfe gegen diese Bedingungen sowie jede missbr\u00e4uchliche Nutzung dieser Webseiten verfolgen und alle zivil- und strafrechtlichen Ma\u00dfnahmen ergreifen, die ihm rechtlich zustehen.<\/li><li>ADDIMEN kann die hier festgelegten Bedingungen jederzeit \u00e4ndern, wobei diese \u00c4nderungen ordnungsgem\u00e4\u00df wie hier aufgef\u00fchrt ver\u00f6ffentlicht werden.<\/li><\/ul><\/li><\/ul><p>Die G\u00fcltigkeit der genannten Bedingungen h\u00e4ngt von ihrer Ver\u00f6ffentlichung ab und sie bleiben so lange g\u00fcltig, bis sie durch andere, ordnungsgem\u00e4\u00df ver\u00f6ffentlichte Bedingungen ersetzt werden.<\/p><ul><li><strong>DATENSCHUTZERKL\u00c4RUNG<\/strong><\/li><\/ul><p>Die vorliegende Datenschutzerkl\u00e4rung regelt die Verarbeitung der von ADDIMEN \u00fcber diese Website erhobenen Daten.<\/p><p>Der NUTZER garantiert, dass die angegebenen Daten wahrheitsgem\u00e4\u00df, genau, vollst\u00e4ndig und aktuell sind, und haftet f\u00fcr alle direkten oder indirekten Sch\u00e4den oder Nachteile, die durch die Nichteinhaltung dieser Verpflichtung entstehen k\u00f6nnen. Wenn der NUTZER personenbezogene Daten Dritter angibt, garantiert er, dass er diese \u00fcber den Inhalt dieser Datenschutzerkl\u00e4rung informiert und ihre vorherige Zustimmung zur Weitergabe ihrer personenbezogenen Daten eingeholt hat. <\/p><p>In Bezug auf die \u00fcber die bereitgestellten Formulare angeforderten personenbezogenen Daten muss der BENUTZER mindestens diejenigen Angaben machen, die mit einem Sternchen gekennzeichnet oder auf andere Weise als obligatorisch oder erforderlich in dem betreffenden Formular oder Datenerfassungskanal angegeben sind, da ADDIMEN Ihre Anfrage nicht annehmen und bearbeiten kann, wenn diese als erforderlich erachteten Daten nicht angegeben werden.<\/p><p>ADDIMEN kann diese Datenschutzerkl\u00e4rung bei Bedarf \u00e4ndern. Im Falle einer \u00c4nderung der Datenschutzerkl\u00e4rung wird ADDIMEN dies auf seiner Website bekannt geben, um sicherzustellen, dass der NUTZER \u00fcber die neuen Datenschutzbestimmungen, die f\u00fcr die T\u00e4tigkeit von ADDIMEN gelten, informiert ist. Wenn der NUTZER die Dienste nach der Benachrichtigung \u00fcber die \u00c4nderungen der Datenschutzerkl\u00e4rung weiterhin nutzt, bedeutet dies, dass er mit den neuen Bestimmungen einverstanden ist, au\u00dfer in Bezug auf m\u00f6gliche Zwecke der Datenverarbeitung, f\u00fcr die seine Zustimmung erforderlich ist.  <\/p><p>Was die \u00fcber die Formulare auf der Website angeforderten personenbezogenen Daten betrifft, so muss der NUTZER mindestens alle mit einem Sternchen gekennzeichneten Angaben machen. Werden diese Pflichtangaben nicht gemacht, kann ADDIMEN Ihre Anfrage nicht annehmen und bearbeiten. <\/p><ul><li><strong>WER IST F\u00dcR IHRE DATEN VERANTWORTLICH?<\/strong><\/li><\/ul><p>ADDIMEN BIZKAIA SL, mit der Steuernummer B95766804, mit Sitz in EDIFICIO BIC BIZKAIA 612, PARQUE TECNOLOGICO Y CIENTIFICO BIZKAIA. 48160 DERIO (BIZKAIA), eingetragen im Handelsregister von Vizcaya, Protokoll 690, Band 5455, Blatt 177, Seite BI-64452, 1. Eintragung. Steueridentifikationsnummer B95760804. Kontakt-E-Mail-Adresse info@addimen.com.   <\/p><ul><li><strong>WIE WERDEN DIE DATEN VERARBEITET?<\/strong><\/li><\/ul><p>Die folgenden Verarbeitungen, \u00fcber die der Nutzer (im Folgenden \u201ebetroffene Person\u201c) informiert wird, werden mit den von ihm bereitgestellten personenbezogenen Daten durchgef\u00fchrt:<\/p><ul><li><strong>KONTAKTFORMULAR<\/strong><\/li><\/ul><p>Erfassung der Kontaktdaten der betroffenen Person zum Zweck der Aufnahme einer k\u00fcnftigen Gesch\u00e4ftsbeziehung, Erstellung eines Kostenvoranschlags auf Grundlage der bereitgestellten Informationen.<\/p><ul><li><strong>WELCHE DATEN WERDEN ERFASST?<\/strong><\/li><\/ul><p>Um die oben genannten Behandlungen durchf\u00fchren zu k\u00f6nnen, m\u00fcssen die folgenden Informationen von den Betroffenen erhoben werden:<\/p><ul><li style=\"list-style-type: none;\"><ul><li>Vor- und Nachname<\/li><li>Telefonnummer<\/li><li>Art des Kunden (Unternehmen oder Privatperson)<\/li><li>Material<\/li><li>Anzahl der Teile<\/li><li>3D-Datei<\/li><li>Kommentare<\/li><li>Pers\u00f6nliche Daten: Medizinische Daten (Testergebnis)<\/li><\/ul><\/li><\/ul><p>Die Rechtsgrundlage und das Fundament bilden die Annahme der rechtlichen Hinweise und der Datenschutzerkl\u00e4rung vor dem Absenden des Kontaktformulars an ADDIMEN.<\/p><ul><li><strong>WIE LANGE SPEICHERN WIR IHRE DATEN?<\/strong><\/li><\/ul><p>Die Daten werden bis zu 4 Monate lang aufbewahrt, wobei die archivierten Daten im Falle einer gesetzlichen Verpflichtung aufbewahrt werden.<\/p><ul><li><strong>AN WELCHE EMPF\u00c4NGER WERDEN IHRE DATEN WEITERGEGEBEN?<\/strong><\/li><\/ul><p>Der\/die Betroffene wird dar\u00fcber informiert, dass ADDIMEN die in den folgenden Verarbeitungen enthaltenen Informationen nicht an Drittunternehmen weitergeben wird.<\/p><ul><li><strong>WELCHE RECHTE HABEN SIE?<\/strong><\/li><\/ul><p>Die betroffene Person hat das Recht, auf ihre personenbezogenen Daten zuzugreifen, die Berichtigung unrichtiger Daten zu verlangen oder gegebenenfalls deren L\u00f6schung zu beantragen, wenn unter anderem die Daten f\u00fcr die Zwecke, f\u00fcr die sie erhoben wurden, nicht mehr erforderlich sind.<\/p><p>Unter bestimmten Umst\u00e4nden kann die betroffene Person die Einschr\u00e4nkung der Verarbeitung ihrer Daten beantragen. In diesem Fall werden wir diese Daten nur f\u00fcr die Aus\u00fcbung oder Verteidigung von Rechtsanspr\u00fcchen aufbewahren.<\/p><p>Unter bestimmten Umst\u00e4nden und aus Gr\u00fcnden, die mit seiner besonderen Situation zusammenh\u00e4ngen, kann der Betroffene der Verarbeitung seiner Daten widersprechen. Addimen wird die Daten nicht mehr verarbeiten, es sei denn, es liegen zwingende berechtigte Gr\u00fcnde vor oder es geht um die Aus\u00fcbung oder Verteidigung m\u00f6glicher Anspr\u00fcche. <\/p><p> <\/p><ul><li><strong>WER IST F\u00dcR DEN DATENSCHUTZ IHRER DATEN VERANTWORTLICH?<\/strong><\/li><\/ul><p>Die Daten des f\u00fcr die Verarbeitung Verantwortlichen lauten wie folgt:<br>Identit\u00e4t: Jon Urrutikoetxea Astigarraga<br>Postanschrift: Pol\u00edgono Astikene &#8211; Errotazarre 34 | 48160 Derio<br>Telefon: +34 946 941 301<br>E-Mail: <a href=\"mailto:jon.urruti@addimen.com\">jon.urruti@addimen.com<\/a> <\/p>\t\t\t\t\t\t\t\t<\/div>\n\t\t\t\t<\/div>\n\t\t\t\t<\/div>\n\t\t\t\t<\/div>\n\t\t","protected":false},"excerpt":{"rendered":"<p>Rechtlicher Hinweis und Datenschutzerkl\u00e4rung SOFORTIGES ANGEBOT IDENTIFIZIERENDE DATEN In \u00dcbereinstimmung mit den Bestimmungen von Artikel 10 des Gesetzes 34\/2002 vom 11. Juli \u00fcber Dienste der Informationsgesellschaft und des elektronischen Handels und Artikel 4, Absatz vier des Gesetzes 56\/2007 vom 28. Dezember \u00fcber Ma\u00dfnahmen zur F\u00f6rderung der Informationsgesellschaft, die sich auf die Informationspflicht der Anbieter von [&hellip;]<\/p>\n","protected":false},"author":3,"featured_media":0,"parent":0,"menu_order":0,"comment_status":"closed","ping_status":"closed","template":"","meta":{"footnotes":""},"class_list":["post-2240","page","type-page","status-publish","hentry"],"yoast_head":"<!-- This site is optimized with the Yoast SEO plugin v27.0 - https:\/\/yoast.com\/product\/yoast-seo-wordpress\/ -->\n<title>Rechtlicher Hinweis und Datenschutzerkl\u00e4rung - Addimen<\/title>\n<meta name=\"robots\" content=\"index, follow, max-snippet:-1, max-image-preview:large, max-video-preview:-1\" \/>\n<link rel=\"canonical\" href=\"https:\/\/www.addimen.com\/de\/rechtlicher-hinweis-und-datenschutzerklaerung\/\" \/>\n<meta property=\"og:locale\" content=\"de_DE\" \/>\n<meta property=\"og:type\" content=\"article\" \/>\n<meta property=\"og:title\" content=\"Rechtlicher Hinweis und Datenschutzerkl\u00e4rung - Addimen\" \/>\n<meta property=\"og:description\" content=\"Rechtlicher Hinweis und Datenschutzerkl\u00e4rung SOFORTIGES ANGEBOT IDENTIFIZIERENDE DATEN In \u00dcbereinstimmung mit den Bestimmungen von Artikel 10 des Gesetzes 34\/2002 vom 11. Juli \u00fcber Dienste der Informationsgesellschaft und des elektronischen Handels und Artikel 4, Absatz vier des Gesetzes 56\/2007 vom 28. Dezember \u00fcber Ma\u00dfnahmen zur F\u00f6rderung der Informationsgesellschaft, die sich auf die Informationspflicht der Anbieter von [&hellip;]\" \/>\n<meta property=\"og:url\" content=\"https:\/\/www.addimen.com\/de\/rechtlicher-hinweis-und-datenschutzerklaerung\/\" \/>\n<meta property=\"og:site_name\" content=\"Addimen\" \/>\n<meta property=\"article:modified_time\" content=\"2025-12-09T11:41:16+00:00\" \/>\n<meta name=\"twitter:card\" content=\"summary_large_image\" \/>\n<meta name=\"twitter:label1\" content=\"Gesch\u00e4tzte Lesezeit\" \/>\n\t<meta name=\"twitter:data1\" content=\"9\u00a0Minuten\" \/>\n<script type=\"application\/ld+json\" class=\"yoast-schema-graph\">{\"@context\":\"https:\/\/schema.org\",\"@graph\":[{\"@type\":\"WebPage\",\"@id\":\"https:\/\/www.addimen.com\/de\/rechtlicher-hinweis-und-datenschutzerklaerung\/\",\"url\":\"https:\/\/www.addimen.com\/de\/rechtlicher-hinweis-und-datenschutzerklaerung\/\",\"name\":\"Rechtlicher Hinweis und Datenschutzerkl\u00e4rung - Addimen\",\"isPartOf\":{\"@id\":\"https:\/\/www.addimen.com\/de\/#website\"},\"datePublished\":\"2025-09-10T09:47:42+00:00\",\"dateModified\":\"2025-12-09T11:41:16+00:00\",\"breadcrumb\":{\"@id\":\"https:\/\/www.addimen.com\/de\/rechtlicher-hinweis-und-datenschutzerklaerung\/#breadcrumb\"},\"inLanguage\":\"de\",\"potentialAction\":[{\"@type\":\"ReadAction\",\"target\":[\"https:\/\/www.addimen.com\/de\/rechtlicher-hinweis-und-datenschutzerklaerung\/\"]}]},{\"@type\":\"BreadcrumbList\",\"@id\":\"https:\/\/www.addimen.com\/de\/rechtlicher-hinweis-und-datenschutzerklaerung\/#breadcrumb\",\"itemListElement\":[{\"@type\":\"ListItem\",\"position\":1,\"name\":\"Portada\",\"item\":\"https:\/\/www.addimen.com\/de\/\"},{\"@type\":\"ListItem\",\"position\":2,\"name\":\"Rechtlicher Hinweis und Datenschutzerkl\u00e4rung\"}]},{\"@type\":\"WebSite\",\"@id\":\"https:\/\/www.addimen.com\/de\/#website\",\"url\":\"https:\/\/www.addimen.com\/de\/\",\"name\":\"Addimen\",\"description\":\"Impresi\u00f3n 3D para empresas\",\"potentialAction\":[{\"@type\":\"SearchAction\",\"target\":{\"@type\":\"EntryPoint\",\"urlTemplate\":\"https:\/\/www.addimen.com\/de\/?s={search_term_string}\"},\"query-input\":{\"@type\":\"PropertyValueSpecification\",\"valueRequired\":true,\"valueName\":\"search_term_string\"}}],\"inLanguage\":\"de\"}]}<\/script>\n<!-- \/ Yoast SEO plugin. -->","yoast_head_json":{"title":"Rechtlicher Hinweis und Datenschutzerkl\u00e4rung - Addimen","robots":{"index":"index","follow":"follow","max-snippet":"max-snippet:-1","max-image-preview":"max-image-preview:large","max-video-preview":"max-video-preview:-1"},"canonical":"https:\/\/www.addimen.com\/de\/rechtlicher-hinweis-und-datenschutzerklaerung\/","og_locale":"de_DE","og_type":"article","og_title":"Rechtlicher Hinweis und Datenschutzerkl\u00e4rung - Addimen","og_description":"Rechtlicher Hinweis und Datenschutzerkl\u00e4rung SOFORTIGES ANGEBOT IDENTIFIZIERENDE DATEN In \u00dcbereinstimmung mit den Bestimmungen von Artikel 10 des Gesetzes 34\/2002 vom 11. Juli \u00fcber Dienste der Informationsgesellschaft und des elektronischen Handels und Artikel 4, Absatz vier des Gesetzes 56\/2007 vom 28. Dezember \u00fcber Ma\u00dfnahmen zur F\u00f6rderung der Informationsgesellschaft, die sich auf die Informationspflicht der Anbieter von [&hellip;]","og_url":"https:\/\/www.addimen.com\/de\/rechtlicher-hinweis-und-datenschutzerklaerung\/","og_site_name":"Addimen","article_modified_time":"2025-12-09T11:41:16+00:00","twitter_card":"summary_large_image","twitter_misc":{"Gesch\u00e4tzte Lesezeit":"9\u00a0Minuten"},"schema":{"@context":"https:\/\/schema.org","@graph":[{"@type":"WebPage","@id":"https:\/\/www.addimen.com\/de\/rechtlicher-hinweis-und-datenschutzerklaerung\/","url":"https:\/\/www.addimen.com\/de\/rechtlicher-hinweis-und-datenschutzerklaerung\/","name":"Rechtlicher Hinweis und Datenschutzerkl\u00e4rung - Addimen","isPartOf":{"@id":"https:\/\/www.addimen.com\/de\/#website"},"datePublished":"2025-09-10T09:47:42+00:00","dateModified":"2025-12-09T11:41:16+00:00","breadcrumb":{"@id":"https:\/\/www.addimen.com\/de\/rechtlicher-hinweis-und-datenschutzerklaerung\/#breadcrumb"},"inLanguage":"de","potentialAction":[{"@type":"ReadAction","target":["https:\/\/www.addimen.com\/de\/rechtlicher-hinweis-und-datenschutzerklaerung\/"]}]},{"@type":"BreadcrumbList","@id":"https:\/\/www.addimen.com\/de\/rechtlicher-hinweis-und-datenschutzerklaerung\/#breadcrumb","itemListElement":[{"@type":"ListItem","position":1,"name":"Portada","item":"https:\/\/www.addimen.com\/de\/"},{"@type":"ListItem","position":2,"name":"Rechtlicher Hinweis und Datenschutzerkl\u00e4rung"}]},{"@type":"WebSite","@id":"https:\/\/www.addimen.com\/de\/#website","url":"https:\/\/www.addimen.com\/de\/","name":"Addimen","description":"Impresi\u00f3n 3D para empresas","potentialAction":[{"@type":"SearchAction","target":{"@type":"EntryPoint","urlTemplate":"https:\/\/www.addimen.com\/de\/?s={search_term_string}"},"query-input":{"@type":"PropertyValueSpecification","valueRequired":true,"valueName":"search_term_string"}}],"inLanguage":"de"}]}},"_links":{"self":[{"href":"https:\/\/www.addimen.com\/de\/wp-json\/wp\/v2\/pages\/2240","targetHints":{"allow":["GET"]}}],"collection":[{"href":"https:\/\/www.addimen.com\/de\/wp-json\/wp\/v2\/pages"}],"about":[{"href":"https:\/\/www.addimen.com\/de\/wp-json\/wp\/v2\/types\/page"}],"author":[{"embeddable":true,"href":"https:\/\/www.addimen.com\/de\/wp-json\/wp\/v2\/users\/3"}],"replies":[{"embeddable":true,"href":"https:\/\/www.addimen.com\/de\/wp-json\/wp\/v2\/comments?post=2240"}],"version-history":[{"count":3,"href":"https:\/\/www.addimen.com\/de\/wp-json\/wp\/v2\/pages\/2240\/revisions"}],"predecessor-version":[{"id":2266,"href":"https:\/\/www.addimen.com\/de\/wp-json\/wp\/v2\/pages\/2240\/revisions\/2266"}],"wp:attachment":[{"href":"https:\/\/www.addimen.com\/de\/wp-json\/wp\/v2\/media?parent=2240"}],"curies":[{"name":"wp","href":"https:\/\/api.w.org\/{rel}","templated":true}]}}