{"id":1963,"date":"2025-09-10T11:47:42","date_gmt":"2025-09-10T09:47:42","guid":{"rendered":"https:\/\/www.addimen.com\/mentions-legales-et-politique-de-confidentialite\/"},"modified":"2025-12-09T12:39:31","modified_gmt":"2025-12-09T11:39:31","slug":"mentions-legales-et-politique-de-confidentialite","status":"publish","type":"page","link":"https:\/\/www.addimen.com\/fr\/mentions-legales-et-politique-de-confidentialite\/","title":{"rendered":"Mentions l\u00e9gales et politique de confidentialit\u00e9"},"content":{"rendered":"\t\t<div data-elementor-type=\"wp-page\" data-elementor-id=\"1963\" class=\"elementor elementor-1963 elementor-704\" data-elementor-post-type=\"page\">\n\t\t\t\t<div class=\"elementor-element elementor-element-39f3fff e-con-full e-flex e-con e-parent\" data-id=\"39f3fff\" data-element_type=\"container\" data-e-type=\"container\" data-settings=\"{&quot;background_background&quot;:&quot;classic&quot;}\">\n\t\t<div class=\"elementor-element elementor-element-1e86290 e-con-full e-flex e-con e-child\" data-id=\"1e86290\" data-element_type=\"container\" data-e-type=\"container\">\n\t\t\t\t<div class=\"elementor-element elementor-element-dddd5df elementor-widget elementor-widget-heading\" data-id=\"dddd5df\" data-element_type=\"widget\" data-e-type=\"widget\" data-widget_type=\"heading.default\">\n\t\t\t\t\t<h1 class=\"elementor-heading-title elementor-size-default\">Mentions l\u00e9gales et politique de confidentialit\u00e9<\/h1>\t\t\t\t<\/div>\n\t\t\t\t<div class=\"elementor-element elementor-element-0e75299 elementor-widget elementor-widget-button\" data-id=\"0e75299\" data-element_type=\"widget\" data-e-type=\"widget\" data-widget_type=\"button.default\">\n\t\t\t\t\t\t\t\t\t\t<a class=\"elementor-button elementor-button-link elementor-size-sm\" href=\"#formulario\">\n\t\t\t\t\t\t<span class=\"elementor-button-content-wrapper\">\n\t\t\t\t\t\t<span class=\"elementor-button-icon\">\n\t\t\t\t<svg aria-hidden=\"true\" class=\"e-font-icon-svg e-fas-plus\" viewBox=\"0 0 448 512\" xmlns=\"http:\/\/www.w3.org\/2000\/svg\"><path d=\"M416 208H272V64c0-17.67-14.33-32-32-32h-32c-17.67 0-32 14.33-32 32v144H32c-17.67 0-32 14.33-32 32v32c0 17.67 14.33 32 32 32h144v144c0 17.67 14.33 32 32 32h32c17.67 0 32-14.33 32-32V304h144c17.67 0 32-14.33 32-32v-32c0-17.67-14.33-32-32-32z\"><\/path><\/svg>\t\t\t<\/span>\n\t\t\t\t\t\t\t\t\t<span class=\"elementor-button-text\">Contactez-nous<\/span>\n\t\t\t\t\t<\/span>\n\t\t\t\t\t<\/a>\n\t\t\t\t\t\t\t\t<\/div>\n\t\t\t\t<\/div>\n\t\t<div class=\"elementor-element elementor-element-a04d72e e-con-full e-flex e-con e-child\" data-id=\"a04d72e\" data-element_type=\"container\" data-e-type=\"container\">\n\t\t\t\t<\/div>\n\t\t\t\t<\/div>\n\t\t<div class=\"elementor-element elementor-element-6c97b44 e-con-full e-flex e-con e-parent\" data-id=\"6c97b44\" data-element_type=\"container\" data-e-type=\"container\" data-settings=\"{&quot;background_background&quot;:&quot;classic&quot;}\">\n\t\t<div class=\"elementor-element elementor-element-c9c01dd e-con-full e-flex e-con e-child\" data-id=\"c9c01dd\" data-element_type=\"container\" data-e-type=\"container\">\n\t\t\t\t<div class=\"elementor-element elementor-element-204a450 elementor-widget elementor-widget-text-editor\" data-id=\"204a450\" data-element_type=\"widget\" data-e-type=\"widget\" data-widget_type=\"text-editor.default\">\n\t\t\t\t\t\t\t\t\t<ul><li><strong>DONN\u00c9ES D&rsquo;IDENTIFICATION<\/strong><\/li><\/ul><p>Conform\u00e9ment aux dispositions de l&rsquo;article 10 de la loi 34\/2002 du 11 juillet relative aux services de la soci\u00e9t\u00e9 de l&rsquo;information et au commerce \u00e9lectronique et de l&rsquo;article 4, paragraphe quatre de la loi 56\/2007 du 28 d\u00e9cembre relative aux mesures de promotion de la soci\u00e9t\u00e9 de l&rsquo;information, concernant l&rsquo;obligation d&rsquo;information des prestataires de services de la soci\u00e9t\u00e9 de l&rsquo;information, les donn\u00e9es suivantes sont indiqu\u00e9es ci-dessous :<\/p><p>ADDIMEN BIZKAIA SL, titulaire du num\u00e9ro d&rsquo;identification fiscale B955766804, dont le si\u00e8ge social est situ\u00e9 EDIFICIO BIC BIZKAIA 612, PARQUE TECNOL\u00d3GICO Y CIENT\u00cdFICO BIZKAIA. 48160 DERIO (BIZKAIA), et inscrite au Registre du commerce de Vizcaya, protocole 690, tome 5455, folio 177, feuille NI-64452, inscription 1\u00aa. NIF B95760804. Adresse \u00e9lectronique de contact : info@addimen.com    <\/p><ul><li><strong>UTILISATEURS<\/strong><\/li><\/ul><p>L&rsquo;acc\u00e8s et\/ou l&rsquo;utilisation des sites web associ\u00e9s \u00e0 ADDIMEN conf\u00e8re la condition d&rsquo;UTILISATEUR, qui accepte, d\u00e8s cet acc\u00e8s et\/ou cette utilisation, les conditions g\u00e9n\u00e9rales d&rsquo;utilisation \u00e9nonc\u00e9es ici.<\/p><ul><li><strong>CONDITIONS G\u00c9N\u00c9RALES D&rsquo;UTILISATION<\/strong><ul><li>Le site web d&rsquo;ADDIMEN donne acc\u00e8s \u00e0 une multitude d&rsquo;informations, de services, de programmes ou de donn\u00e9es (ci-apr\u00e8s d\u00e9nomm\u00e9s \u00ab les contenus \u00bb) sur Internet, appartenant \u00e0 ADDIMEN ou \u00e0 ses conc\u00e9dants de licence, auxquels l&rsquo;UTILISATEUR peut avoir acc\u00e8s. Le contenu de ce site web a \u00e9t\u00e9 \u00e9labor\u00e9 afin de fournir des informations aux clients, fournisseurs et toute personne ou entreprise int\u00e9ress\u00e9e par nos produits. Bien qu&rsquo;ADDIMEN agisse de bonne foi, elle ne saurait \u00eatre tenue responsable, directement ou indirectement, des r\u00e9clamations pouvant d\u00e9couler de la qualit\u00e9, la fiabilit\u00e9, l&rsquo;exactitude ou la correction dudit contenu.  <\/li><li>L&rsquo;UTILISATEUR assume la responsabilit\u00e9 de l&rsquo;utilisation de ce site web. Cette responsabilit\u00e9 s&rsquo;\u00e9tend \u00e0 l&rsquo;inscription n\u00e9cessaire pour acc\u00e9der \u00e0 certains services ou contenus. Lors de cette inscription, l&rsquo;UTILISATEUR sera responsable de fournir des informations v\u00e9ridiques et licites.  <\/li><li>L&rsquo;UTILISATEUR s&rsquo;engage \u00e0 faire un usage appropri\u00e9 des contenus et services propos\u00e9s par ADDIMEN sur ses sites web et, \u00e0 titre indicatif mais non limitatif, \u00e0 ne pas les utiliser pour (i) se livrer \u00e0 des activit\u00e9s illicites, ill\u00e9gales ou contraires \u00e0 la bonne foi et \u00e0 l&rsquo;ordre public ; (ii) diffuser des contenus ou de la propagande \u00e0 caract\u00e8re raciste, x\u00e9nophobe, pornographique-ill\u00e9gal, faisant l&rsquo;apologie du terrorisme ou portant atteinte aux droits de l&rsquo;homme ; (iii) causer des dommages aux syst\u00e8mes physiques et logiques d&rsquo;ADDIMEN, de ses fournisseurs ou de tiers, introduire ou diffuser sur le r\u00e9seau des virus informatiques ou tout autre syst\u00e8me physique ou logique susceptible de causer les dommages susmentionn\u00e9s ; (iv) tenter d&rsquo;acc\u00e9der et, le cas \u00e9ch\u00e9ant, d&rsquo;utiliser les comptes de messagerie \u00e9lectronique d&rsquo;autres utilisateurs et de modifier ou de manipuler leurs messages.    <\/li><li>ADDIMEN se r\u00e9serve le droit de retirer tous les commentaires et contributions qui portent atteinte au respect de la dignit\u00e9 de la personne, qui sont discriminatoires, x\u00e9nophobes, racistes, pornographiques, qui portent atteinte \u00e0 la jeunesse ou \u00e0 l&rsquo;enfance, \u00e0 l&rsquo;ordre ou \u00e0 la s\u00e9curit\u00e9 publique ou qui, \u00e0 son avis, ne sont pas adapt\u00e9s \u00e0 la publication.<\/li><li>ADDIMEN, en tant que cessionnaire ou licenci\u00e9, est titulaire de tous les droits de propri\u00e9t\u00e9 intellectuelle et industrielle de ses pages web, ainsi que des \u00e9l\u00e9ments qui y sont contenus (notamment les images, le son, l&rsquo;audio, la vid\u00e9o, les logiciels ou les textes ; marques ou logos, combinaisons de couleurs, structure et conception, s\u00e9lection des mat\u00e9riaux utilis\u00e9s, programmes informatiques n\u00e9cessaires \u00e0 leur fonctionnement, acc\u00e8s et utilisation, etc.), qui sont la propri\u00e9t\u00e9 d&rsquo;ADDIMEN ou de ses conc\u00e9dants de licence.<\/li><li>L&rsquo;UTILISATEUR s&rsquo;engage \u00e0 respecter les droits de propri\u00e9t\u00e9 intellectuelle et industrielle d\u00e9tenus par ADDIMEN. L&rsquo;UTILISATEUR peut visualiser les \u00e9l\u00e9ments et contenus de ces pages web et m\u00eame les imprimer, les copier et les stocker sur le disque dur de son ordinateur ou sur tout autre support physique, \u00e0 condition que ce soit uniquement et exclusivement pour son usage personnel et priv\u00e9. la reproduction, la transformation, la distribution, la communication publique, la mise \u00e0 disposition ou toute autre forme d&rsquo;exploitation \u00e0 des fins commerciales, ainsi que leur modification, alt\u00e9ration ou d\u00e9compilation sont strictement interdites. L&rsquo;UTILISATEUR s&rsquo;abstiendra de supprimer, alt\u00e9rer, contourner ou manipuler tout dispositif de protection ou syst\u00e8me de s\u00e9curit\u00e9 install\u00e9 sur ces pages web. De m\u00eame, l&rsquo;UTILISATEUR s&rsquo;abstiendra d&rsquo;utiliser les contenus de ces pages web pour les inclure dans une autre page web. Enfin, les informations fournies par l&rsquo;utilisateur pour utiliser les services propos\u00e9s par ADDIMEN sur son site web restent confidentielles.    <\/li><li>ADDIMEN ne saurait en aucun cas \u00eatre tenu responsable des dommages et pr\u00e9judices de toute nature pouvant \u00eatre caus\u00e9s, \u00e0 titre indicatif : erreurs ou omissions dans les contenus, indisponibilit\u00e9 de ces pages web ou transmission de virus ou de programmes malveillants ou nuisibles dans les contenus, malgr\u00e9 avoir pris toutes les mesures technologiques n\u00e9cessaires pour l&rsquo;\u00e9viter.<\/li><li>ADDIMEN se r\u00e9serve le droit d&rsquo;apporter sans pr\u00e9avis les modifications qu&rsquo;elle juge opportunes \u00e0 ces pages web, pouvant modifier, supprimer ou ajouter tant les contenus et services fournis par leur interm\u00e9diaire que la mani\u00e8re dont ceux-ci sont pr\u00e9sent\u00e9s ou localis\u00e9s.<\/li><li>ADDIMEN peut utiliser des cookies pour personnaliser et faciliter au maximum la navigation de l&rsquo;UTILISATEUR sur ce site web. Les cookies sont uniquement associ\u00e9s \u00e0 un UTILISATEUR anonyme et \u00e0 son ordinateur et ne fournissent aucune r\u00e9f\u00e9rence permettant de d\u00e9duire les donn\u00e9es personnelles de l&rsquo;UTILISATEUR. L&rsquo;UTILISATEUR peut configurer son navigateur pour qu&rsquo;il le notifie et refuse l&rsquo;installation des cookies envoy\u00e9s par ADDIMEN, sans que cela n&rsquo;affecte la possibilit\u00e9 pour l&rsquo;UTILISATEUR d&rsquo;acc\u00e9der au Contenu. Toutes les informations relatives aux cookies sont contenues dans la Politique en mati\u00e8re de cookies incluse dans ces pages web.   <\/li><li>Dans le cas o\u00f9 ces pages web contiendraient des liens ou des hyperliens vers d&rsquo;autres sites Internet, ADDIMEN n&rsquo;exercera aucun contr\u00f4le sur ces sites et leurs contenus.<\/li><li>En aucun cas, ADDIMEN n&rsquo;assumera la moindre responsabilit\u00e9 quant au contenu d&rsquo;un lien appartenant \u00e0 un site web tiers, ni ne garantira la disponibilit\u00e9 technique, la qualit\u00e9, la fiabilit\u00e9, l&rsquo;exactitude, l&rsquo;exhaustivit\u00e9, la v\u00e9racit\u00e9, la validit\u00e9 et la constitutionnalit\u00e9 de tout mat\u00e9riel ou information contenu dans ces hyperliens ou autres sites Internet. De m\u00eame, l&rsquo;inclusion de ces liens externes n&rsquo;implique aucun type d&rsquo;association, de fusion ou de participation avec les entit\u00e9s li\u00e9es. <\/li><li>ADDIMEN se r\u00e9serve le droit de refuser ou de retirer l&rsquo;acc\u00e8s \u00e0 ces pages web et\/ou aux services propos\u00e9s sans pr\u00e9avis, \u00e0 sa propre initiative ou \u00e0 la demande d&rsquo;un tiers, aux utilisateurs qui ne respecteraient pas les pr\u00e9sentes conditions g\u00e9n\u00e9rales d&rsquo;utilisation.<\/li><li>ADDIMEN poursuivra tout manquement aux pr\u00e9sentes conditions, ainsi que toute utilisation abusive de ces pages web, en exer\u00e7ant toutes les actions civiles et p\u00e9nales qui lui reviennent de droit.<\/li><li>ADDIMEN peut modifier \u00e0 tout moment les conditions ici d\u00e9termin\u00e9es, celles-ci \u00e9tant d\u00fbment publi\u00e9es telles qu&rsquo;elles apparaissent ici.<\/li><\/ul><\/li><\/ul><p>La validit\u00e9 des conditions susmentionn\u00e9es d\u00e9pendra de leur exposition et elles resteront en vigueur jusqu&rsquo;\u00e0 ce qu&rsquo;elles soient modifi\u00e9es par d&rsquo;autres conditions d\u00fbment publi\u00e9es.<\/p><ul><li><strong>POLITIQUE DE CONFIDENTIALIT\u00c9<\/strong><\/li><\/ul><p>La pr\u00e9sente politique de confidentialit\u00e9 r\u00e9git le traitement des donn\u00e9es collect\u00e9es par ADDIMEN via ce site web.<\/p><p>L&rsquo;UTILISATEUR garantit que les donn\u00e9es fournies sont v\u00e9ridiques, exactes, compl\u00e8tes et \u00e0 jour, et est responsable de tout dommage ou pr\u00e9judice, direct ou indirect, qui pourrait r\u00e9sulter du non-respect de cette obligation. Lorsque l&rsquo;UTILISATEUR fournit des donn\u00e9es \u00e0 caract\u00e8re personnel concernant des tiers, il garantit qu&rsquo;il les a inform\u00e9s du contenu de la pr\u00e9sente politique de confidentialit\u00e9 et qu&rsquo;il a obtenu leur consentement pr\u00e9alable pour nous fournir leurs donn\u00e9es personnelles. <\/p><p>En ce qui concerne les donn\u00e9es personnelles demand\u00e9es via les formulaires mis \u00e0 disposition, l&rsquo;UTILISATEUR devra fournir au moins celles marqu\u00e9es d&rsquo;un ast\u00e9risque ou autrement d\u00e9sign\u00e9es comme obligatoires ou n\u00e9cessaires dans le formulaire ou le canal de collecte de donn\u00e9es concern\u00e9, car si ces donn\u00e9es jug\u00e9es n\u00e9cessaires ne sont pas fournies, ADDIMEN ne pourra pas accepter et traiter la demande de l&rsquo;utilisateur.<\/p><p>ADDIMEN peut modifier la pr\u00e9sente politique de confidentialit\u00e9 lorsque cela s&rsquo;av\u00e8re n\u00e9cessaire. En cas de modification de la politique de confidentialit\u00e9, ADDIMEN en informera les utilisateurs via son site web, afin de s&rsquo;assurer que ceux-ci soient inform\u00e9s des nouvelles conditions de confidentialit\u00e9 applicables \u00e0 l&rsquo;activit\u00e9 d&rsquo;ADDIMEN. Si l&rsquo;UTILISATEUR continue \u00e0 utiliser les Services apr\u00e8s avoir \u00e9t\u00e9 inform\u00e9 des modifications apport\u00e9es \u00e0 la Politique de confidentialit\u00e9, cela signifiera qu&rsquo;il accepte les nouvelles conditions, sauf en ce qui concerne les \u00e9ventuelles finalit\u00e9s du traitement des donn\u00e9es pour lesquelles son consentement est requis.  <\/p><p>En ce qui concerne les informations personnelles demand\u00e9es via les formulaires du site Web, l&rsquo;UTILISATEUR doit fournir au minimum toutes les informations marqu\u00e9es d&rsquo;un ast\u00e9risque. Si ces informations obligatoires ne sont pas fournies, ADDIMEN ne pourra pas accepter et traiter votre demande. <\/p><ul><li><strong>QUI EST RESPONSABLE DE VOS DONN\u00c9ES?<\/strong><\/li><\/ul><p>ADDIMEN BIZKAIA SL, con CIF B95766804, con domicilio en EDIFICIO BIC BIZKAIA 612, PARQUE TECNOLOGICO Y CIENTIFICO BIZKAIA. 48160 DERIO (BIZKAIA), e inscripta en el Registro Mercantil de Vizcaya, protocolo 690, tomo 5455, folio 177 , hoja BI-64452, inscripci\u00f3n 1\u00aa . NIF B95760804. Correo electr\u00f3nico de contacto info@addimen.com .   <\/p><ul><li><strong>COMMENT LES DONN\u00c9ES SONT-ELLES TRAIT\u00c9ES?<\/strong><\/li><\/ul><p>Les traitements suivants, dont l&rsquo;utilisateur (ci-apr\u00e8s, la personne concern\u00e9e) est inform\u00e9, seront effectu\u00e9s \u00e0 partir des informations \u00e0 caract\u00e8re personnel qu&rsquo;il a fournies:<\/p><ul><li><strong>FORMULAIRE DE CONTACT<\/strong><\/li><\/ul><p>Collecte des coordonn\u00e9es de la personne concern\u00e9e afin d&rsquo;\u00e9tablir une future relation commerciale, en \u00e9tablissant un devis sur la base des informations fournies.<\/p><ul><li><strong>QUELLES DONN\u00c9ES SONT COLLECT\u00c9ES ?<\/strong><\/li><\/ul><p>Pour r\u00e9aliser les traitements susmentionn\u00e9s, les informations suivantes devront \u00eatre recueillies aupr\u00e8s des personnes concern\u00e9es afin de les compl\u00e9ter:<\/p><ul><li style=\"list-style-type: none;\"><ul><li>Nom et pr\u00e9nom<\/li><li>T\u00e9l\u00e9phone<\/li><li>Type de client (entreprise ou particulier)<\/li><li>Mat\u00e9riel<\/li><li>Quantit\u00e9 de pi\u00e8ces<\/li><li>Fichier 3D<\/li><li>Commentaires<\/li><li>Donn\u00e9es personnelles: donn\u00e9es m\u00e9dicales (r\u00e9sultat du test)<\/li><\/ul><\/li><\/ul><p>La base et le fondement juridiques reposent sur l&rsquo;acceptation de la compr\u00e9hension de l&rsquo;avis l\u00e9gal et de la politique de confidentialit\u00e9 avant l&rsquo;envoi du formulaire de contact \u00e0 ADDIMEN.<\/p><ul><li><strong>COMBIEN DE TEMPS CONSERVONS-NOUS VOS DONN\u00c9ES?<\/strong><\/li><\/ul><p>Les informations seront conserv\u00e9es pendant 4 mois, les donn\u00e9es archiv\u00e9es \u00e9tant conserv\u00e9es en cas d&rsquo;obligation l\u00e9gale.<\/p><ul><li><strong>\u00c0 QUELS DESTINATAIRES VOS DONN\u00c9ES SERONT-ELLES COMMUNIQU\u00c9ES ?<\/strong><\/li><\/ul><p>La personne concern\u00e9e est inform\u00e9e qu&rsquo;ADDIMEN ne communiquera pas les informations contenues dans les traitements suivants \u00e0 des entreprises tierces.<\/p><ul><li><strong>QUELS SONT VOS DROITS ?<\/strong><\/li><\/ul><p>La personne concern\u00e9e a le droit d&rsquo;acc\u00e9der \u00e0 ses donn\u00e9es personnelles, ainsi que de demander la rectification des donn\u00e9es inexactes ou, le cas \u00e9ch\u00e9ant, de demander leur suppression lorsque, entre autres raisons, les donn\u00e9es ne sont plus n\u00e9cessaires aux fins pour lesquelles elles ont \u00e9t\u00e9 collect\u00e9es.<\/p><p>Dans certaines circonstances, la personne concern\u00e9e peut demander la limitation du traitement de ses donn\u00e9es, auquel cas nous ne les conserverons que pour l&rsquo;exercice ou la d\u00e9fense de droits.<\/p><p>Dans certaines circonstances et pour des raisons li\u00e9es \u00e0 sa situation particuli\u00e8re, la personne concern\u00e9e peut s&rsquo;opposer au traitement de ses donn\u00e9es. Addimen cessera de traiter les donn\u00e9es, sauf pour des raisons l\u00e9gitimes imp\u00e9rieuses, ou pour l&rsquo;exercice ou la d\u00e9fense d&rsquo;\u00e9ventuelles r\u00e9clamations. <\/p><p> <\/p><ul><li><strong>QUI EST RESPONSABLE DE LA CONFIDENTIALIT\u00c9 DE VOS DONN\u00c9ES?<\/strong><\/li><\/ul><p>Les coordonn\u00e9es du responsable du traitement sont les suivantes :<br>Identit\u00e9 : Jon Urrutikoetxea Astigarraga<br>Adresse postale : Pol\u00edgono Astikene &#8211; Errotazarre 34 | 48160 Derio<br>T\u00e9l\u00e9phone : +34 946 941 301<br>Courriel : <a href=\"mailto:jon.urruti@addimen.com\">jon.urruti@addimen.com<\/a> <\/p>\t\t\t\t\t\t\t\t<\/div>\n\t\t\t\t<\/div>\n\t\t\t\t<\/div>\n\t\t\t\t<\/div>\n\t\t","protected":false},"excerpt":{"rendered":"<p>Mentions l\u00e9gales et politique de confidentialit\u00e9 Contactez-nous DONN\u00c9ES D&rsquo;IDENTIFICATION Conform\u00e9ment aux dispositions de l&rsquo;article 10 de la loi 34\/2002 du 11 juillet relative aux services de la soci\u00e9t\u00e9 de l&rsquo;information et au commerce \u00e9lectronique et de l&rsquo;article 4, paragraphe quatre de la loi 56\/2007 du 28 d\u00e9cembre relative aux mesures de promotion de la soci\u00e9t\u00e9 [&hellip;]<\/p>\n","protected":false},"author":3,"featured_media":0,"parent":0,"menu_order":0,"comment_status":"closed","ping_status":"closed","template":"","meta":{"footnotes":""},"class_list":["post-1963","page","type-page","status-publish","hentry"],"yoast_head":"<!-- This site is optimized with the Yoast SEO plugin v27.0 - https:\/\/yoast.com\/product\/yoast-seo-wordpress\/ -->\n<title>Mentions l\u00e9gales et politique de confidentialit\u00e9 - Addimen<\/title>\n<meta name=\"robots\" content=\"index, follow, max-snippet:-1, max-image-preview:large, max-video-preview:-1\" \/>\n<link rel=\"canonical\" href=\"https:\/\/www.addimen.com\/fr\/mentions-legales-et-politique-de-confidentialite\/\" \/>\n<meta property=\"og:locale\" content=\"fr_FR\" \/>\n<meta property=\"og:type\" content=\"article\" \/>\n<meta property=\"og:title\" content=\"Mentions l\u00e9gales et politique de confidentialit\u00e9 - Addimen\" \/>\n<meta property=\"og:description\" content=\"Mentions l\u00e9gales et politique de confidentialit\u00e9 Contactez-nous DONN\u00c9ES D&rsquo;IDENTIFICATION Conform\u00e9ment aux dispositions de l&rsquo;article 10 de la loi 34\/2002 du 11 juillet relative aux services de la soci\u00e9t\u00e9 de l&rsquo;information et au commerce \u00e9lectronique et de l&rsquo;article 4, paragraphe quatre de la loi 56\/2007 du 28 d\u00e9cembre relative aux mesures de promotion de la soci\u00e9t\u00e9 [&hellip;]\" \/>\n<meta property=\"og:url\" content=\"https:\/\/www.addimen.com\/fr\/mentions-legales-et-politique-de-confidentialite\/\" \/>\n<meta property=\"og:site_name\" content=\"Addimen\" \/>\n<meta property=\"article:modified_time\" content=\"2025-12-09T11:39:31+00:00\" \/>\n<meta name=\"twitter:card\" content=\"summary_large_image\" \/>\n<meta name=\"twitter:label1\" content=\"Dur\u00e9e de lecture estim\u00e9e\" \/>\n\t<meta name=\"twitter:data1\" content=\"10 minutes\" \/>\n<script type=\"application\/ld+json\" class=\"yoast-schema-graph\">{\"@context\":\"https:\/\/schema.org\",\"@graph\":[{\"@type\":\"WebPage\",\"@id\":\"https:\/\/www.addimen.com\/fr\/mentions-legales-et-politique-de-confidentialite\/\",\"url\":\"https:\/\/www.addimen.com\/fr\/mentions-legales-et-politique-de-confidentialite\/\",\"name\":\"Mentions l\u00e9gales et politique de confidentialit\u00e9 - Addimen\",\"isPartOf\":{\"@id\":\"https:\/\/www.addimen.com\/fr\/#website\"},\"datePublished\":\"2025-09-10T09:47:42+00:00\",\"dateModified\":\"2025-12-09T11:39:31+00:00\",\"breadcrumb\":{\"@id\":\"https:\/\/www.addimen.com\/fr\/mentions-legales-et-politique-de-confidentialite\/#breadcrumb\"},\"inLanguage\":\"fr-FR\",\"potentialAction\":[{\"@type\":\"ReadAction\",\"target\":[\"https:\/\/www.addimen.com\/fr\/mentions-legales-et-politique-de-confidentialite\/\"]}]},{\"@type\":\"BreadcrumbList\",\"@id\":\"https:\/\/www.addimen.com\/fr\/mentions-legales-et-politique-de-confidentialite\/#breadcrumb\",\"itemListElement\":[{\"@type\":\"ListItem\",\"position\":1,\"name\":\"Portada\",\"item\":\"https:\/\/www.addimen.com\/fr\/\"},{\"@type\":\"ListItem\",\"position\":2,\"name\":\"Mentions l\u00e9gales et politique de confidentialit\u00e9\"}]},{\"@type\":\"WebSite\",\"@id\":\"https:\/\/www.addimen.com\/fr\/#website\",\"url\":\"https:\/\/www.addimen.com\/fr\/\",\"name\":\"Addimen\",\"description\":\"Impresi\u00f3n 3D para empresas\",\"potentialAction\":[{\"@type\":\"SearchAction\",\"target\":{\"@type\":\"EntryPoint\",\"urlTemplate\":\"https:\/\/www.addimen.com\/fr\/?s={search_term_string}\"},\"query-input\":{\"@type\":\"PropertyValueSpecification\",\"valueRequired\":true,\"valueName\":\"search_term_string\"}}],\"inLanguage\":\"fr-FR\"}]}<\/script>\n<!-- \/ Yoast SEO plugin. -->","yoast_head_json":{"title":"Mentions l\u00e9gales et politique de confidentialit\u00e9 - Addimen","robots":{"index":"index","follow":"follow","max-snippet":"max-snippet:-1","max-image-preview":"max-image-preview:large","max-video-preview":"max-video-preview:-1"},"canonical":"https:\/\/www.addimen.com\/fr\/mentions-legales-et-politique-de-confidentialite\/","og_locale":"fr_FR","og_type":"article","og_title":"Mentions l\u00e9gales et politique de confidentialit\u00e9 - Addimen","og_description":"Mentions l\u00e9gales et politique de confidentialit\u00e9 Contactez-nous DONN\u00c9ES D&rsquo;IDENTIFICATION Conform\u00e9ment aux dispositions de l&rsquo;article 10 de la loi 34\/2002 du 11 juillet relative aux services de la soci\u00e9t\u00e9 de l&rsquo;information et au commerce \u00e9lectronique et de l&rsquo;article 4, paragraphe quatre de la loi 56\/2007 du 28 d\u00e9cembre relative aux mesures de promotion de la soci\u00e9t\u00e9 [&hellip;]","og_url":"https:\/\/www.addimen.com\/fr\/mentions-legales-et-politique-de-confidentialite\/","og_site_name":"Addimen","article_modified_time":"2025-12-09T11:39:31+00:00","twitter_card":"summary_large_image","twitter_misc":{"Dur\u00e9e de lecture estim\u00e9e":"10 minutes"},"schema":{"@context":"https:\/\/schema.org","@graph":[{"@type":"WebPage","@id":"https:\/\/www.addimen.com\/fr\/mentions-legales-et-politique-de-confidentialite\/","url":"https:\/\/www.addimen.com\/fr\/mentions-legales-et-politique-de-confidentialite\/","name":"Mentions l\u00e9gales et politique de confidentialit\u00e9 - Addimen","isPartOf":{"@id":"https:\/\/www.addimen.com\/fr\/#website"},"datePublished":"2025-09-10T09:47:42+00:00","dateModified":"2025-12-09T11:39:31+00:00","breadcrumb":{"@id":"https:\/\/www.addimen.com\/fr\/mentions-legales-et-politique-de-confidentialite\/#breadcrumb"},"inLanguage":"fr-FR","potentialAction":[{"@type":"ReadAction","target":["https:\/\/www.addimen.com\/fr\/mentions-legales-et-politique-de-confidentialite\/"]}]},{"@type":"BreadcrumbList","@id":"https:\/\/www.addimen.com\/fr\/mentions-legales-et-politique-de-confidentialite\/#breadcrumb","itemListElement":[{"@type":"ListItem","position":1,"name":"Portada","item":"https:\/\/www.addimen.com\/fr\/"},{"@type":"ListItem","position":2,"name":"Mentions l\u00e9gales et politique de confidentialit\u00e9"}]},{"@type":"WebSite","@id":"https:\/\/www.addimen.com\/fr\/#website","url":"https:\/\/www.addimen.com\/fr\/","name":"Addimen","description":"Impresi\u00f3n 3D para empresas","potentialAction":[{"@type":"SearchAction","target":{"@type":"EntryPoint","urlTemplate":"https:\/\/www.addimen.com\/fr\/?s={search_term_string}"},"query-input":{"@type":"PropertyValueSpecification","valueRequired":true,"valueName":"search_term_string"}}],"inLanguage":"fr-FR"}]}},"_links":{"self":[{"href":"https:\/\/www.addimen.com\/fr\/wp-json\/wp\/v2\/pages\/1963","targetHints":{"allow":["GET"]}}],"collection":[{"href":"https:\/\/www.addimen.com\/fr\/wp-json\/wp\/v2\/pages"}],"about":[{"href":"https:\/\/www.addimen.com\/fr\/wp-json\/wp\/v2\/types\/page"}],"author":[{"embeddable":true,"href":"https:\/\/www.addimen.com\/fr\/wp-json\/wp\/v2\/users\/3"}],"replies":[{"embeddable":true,"href":"https:\/\/www.addimen.com\/fr\/wp-json\/wp\/v2\/comments?post=1963"}],"version-history":[{"count":2,"href":"https:\/\/www.addimen.com\/fr\/wp-json\/wp\/v2\/pages\/1963\/revisions"}],"predecessor-version":[{"id":2265,"href":"https:\/\/www.addimen.com\/fr\/wp-json\/wp\/v2\/pages\/1963\/revisions\/2265"}],"wp:attachment":[{"href":"https:\/\/www.addimen.com\/fr\/wp-json\/wp\/v2\/media?parent=1963"}],"curies":[{"name":"wp","href":"https:\/\/api.w.org\/{rel}","templated":true}]}}